{"id":2313,"date":"2021-07-08T12:54:39","date_gmt":"2021-07-08T10:54:39","guid":{"rendered":"https:\/\/phenomencollection.com\/competitions-and-discounts\/"},"modified":"2022-12-16T21:15:46","modified_gmt":"2022-12-16T20:15:46","slug":"competitions-and-discounts","status":"publish","type":"page","link":"https:\/\/phenomencollection.com\/en\/competitions-and-discounts\/","title":{"rendered":"Competitions and discounts"},"content":{"rendered":"<div class=\"gb-container gb-container-7596028d\"><div class=\"gb-inside-container\">\n<div class=\"gb-grid-wrapper gb-grid-wrapper-ce9b963d\">\n<div class=\"gb-grid-column gb-grid-column-a7248531\"><div class=\"gb-container gb-container-a7248531\"><div class=\"gb-inside-container\">\n\n<p style=\"font-size:18px\"><strong>COMPETITION WITH DUTCH PASSION<\/strong><\/p>\n\n\n\n<p class=\"has-small-font-size\">We have prepared our first birthday party in cooperation with Dutch <a href=\"https:\/\/www.facebook.com\/dutch.passion\/?__cft__%5B0%5D=AZUkor3VJxfGabgtvemfmScnbGl0n0c7D8UNdVjAWcoHzejPFwJBIolmhIFpRuk7FerT0mH0tsKLB1l2-eV1VQoAJx59zmoHbY5NglJra3cjjzBog7eujQGX7KkyLVIUrnbfuRTqpXWsWw7oFcIQKceEHMIOER6KgKZgkUl5xs_sPw&amp;__tn__=kK-R\">Passion<\/a>. For the three of you who tell us why they would shop at Phenomen Collection, we have these phenomenal gifts from DP. Therefore, it is enough to participate:  <br\/><img loading=\"lazy\" decoding=\"async\" width=\"16\" height=\"16\" src=\"https:\/\/static.xx.fbcdn.net\/images\/emoji.php\/v9\/td9\/1\/16\/1f99a.png\" alt=\"&#x1F99A;\"\/>  Write why you would buy from us (please remember that seeds are not allowed to germinate in the Czech Republic, our dear collectors)<br\/><img loading=\"lazy\" decoding=\"async\" width=\"16\" height=\"16\" src=\"https:\/\/static.xx.fbcdn.net\/images\/emoji.php\/v9\/td9\/1\/16\/1f99a.png\" alt=\"&#x1F99A;\"\/>  Write which of the three winning varieties you would choose &#8211; Auto Mazar, Auto Think Different, Auto Power Plant<br\/>3 winners will take home the following prizes:  <img loading=\"lazy\" decoding=\"async\" width=\"16\" height=\"16\" src=\"https:\/\/static.xx.fbcdn.net\/images\/emoji.php\/v9\/td9\/1\/16\/1f99a.png\" alt=\"&#x1F99A;\"\/>  seed packets<img loading=\"lazy\" decoding=\"async\" width=\"16\" height=\"16\" src=\"https:\/\/static.xx.fbcdn.net\/images\/emoji.php\/v9\/td9\/1\/16\/1f99a.png\" alt=\"&#x1F99A;\"\/>  golden crusher<img loading=\"lazy\" decoding=\"async\" width=\"16\" height=\"16\" src=\"https:\/\/static.xx.fbcdn.net\/images\/emoji.php\/v9\/td9\/1\/16\/1f99a.png\" alt=\"&#x1F99A;\"\/>  T-shirt  <img loading=\"lazy\" decoding=\"async\" width=\"16\" height=\"16\" src=\"https:\/\/static.xx.fbcdn.net\/images\/emoji.php\/v9\/td9\/1\/16\/1f99a.png\" alt=\"&#x1F99A;\"\/>  cap<img loading=\"lazy\" decoding=\"async\" width=\"16\" height=\"16\" src=\"https:\/\/static.xx.fbcdn.net\/images\/emoji.php\/v9\/td9\/1\/16\/1f99a.png\" alt=\"&#x1F99A;\"\/>  rolling tray<img loading=\"lazy\" decoding=\"async\" width=\"16\" height=\"16\" src=\"https:\/\/static.xx.fbcdn.net\/images\/emoji.php\/v9\/td9\/1\/16\/1f99a.png\" alt=\"&#x1F99A;\"\/>  ashtray<img loading=\"lazy\" decoding=\"async\" width=\"16\" height=\"16\" src=\"https:\/\/static.xx.fbcdn.net\/images\/emoji.php\/v9\/td9\/1\/16\/1f99a.png\" alt=\"&#x1F99A;\"\/>  keychain<img loading=\"lazy\" decoding=\"async\" width=\"16\" height=\"16\" src=\"https:\/\/static.xx.fbcdn.net\/images\/emoji.php\/v9\/td9\/1\/16\/1f99a.png\" alt=\"&#x1F99A;\"\/>  car fragrance<br\/>The competition will be closed on 2. 6. 2022 and the winners will be announced the following day.  <br\/>Classically for persons over 18 years of age <img loading=\"lazy\" decoding=\"async\" width=\"16\" height=\"16\" src=\"https:\/\/static.xx.fbcdn.net\/images\/emoji.php\/v9\/te1\/1\/16\/1f51e.png\" alt=\"&#x1F51E;\"\/> and sending to the Czech Republic <img loading=\"lazy\" decoding=\"async\" width=\"16\" height=\"16\" src=\"https:\/\/static.xx.fbcdn.net\/images\/emoji.php\/v9\/t79\/1\/16\/1f1e8_1f1ff.png\" alt=\"&#x1F1E8;&#x1F1FF;\"\/> and Slovakia  <img loading=\"lazy\" decoding=\"async\" width=\"16\" height=\"16\" src=\"https:\/\/static.xx.fbcdn.net\/images\/emoji.php\/v9\/ta2\/1\/16\/1f1f8_1f1f0.png\" alt=\"&#x1F1F8;&#x1F1F0;\"\/><br\/>A big thank you to Dutch Passion for the prizes for the competition.<\/p>\n\n\n\n<p style=\"font-size:12.5px\">THE COMPETITION IS RUNNING ON OUR FACEBOOK PAGE  <br\/>https:\/\/www.facebook.com\/PhenomenCollection\/photos\/a.160526429350327\/379418824127752<\/p>\n\n<\/div><\/div><\/div>\n\n<div class=\"gb-grid-column gb-grid-column-0f47b879\"><div class=\"gb-container gb-container-0f47b879\"><div class=\"gb-inside-container\">\n\n<figure class=\"wp-block-gallery aligncenter has-nested-images columns-default is-cropped wp-block-gallery-1 is-layout-flex wp-block-gallery-is-layout-flex\">\n<figure class=\"wp-block-image size-large\"><a href=\"https:\/\/phenomencollection.com\/wp-content\/uploads\/2022\/05\/DPGiveaway-1024x535.jpg\"><img loading=\"lazy\" decoding=\"async\" width=\"1024\" height=\"535\" data-id=\"1672\" src=\"https:\/\/phenomencollection.com\/wp-content\/uploads\/2022\/05\/DPGiveaway-1024x535.jpg\" alt=\"\" class=\"wp-image-1672\" srcset=\"https:\/\/phenomencollection.com\/wp-content\/uploads\/2022\/05\/DPGiveaway-1024x535.jpg 1024w, https:\/\/phenomencollection.com\/wp-content\/uploads\/2022\/05\/DPGiveaway-300x157.jpg 300w, https:\/\/phenomencollection.com\/wp-content\/uploads\/2022\/05\/DPGiveaway-768x401.jpg 768w, https:\/\/phenomencollection.com\/wp-content\/uploads\/2022\/05\/DPGiveaway-252x132.jpg 252w, https:\/\/phenomencollection.com\/wp-content\/uploads\/2022\/05\/DPGiveaway-600x314.jpg 600w, https:\/\/phenomencollection.com\/wp-content\/uploads\/2022\/05\/DPGiveaway.jpg 1200w\" sizes=\"auto, (max-width: 1024px) 100vw, 1024px\" \/><\/a><\/figure><\/figure>\n\n<\/div><\/div><\/div>\n<\/div>\n\n<div class=\"gb-grid-wrapper gb-grid-wrapper-e75cd9fd\">\n<div class=\"gb-grid-column gb-grid-column-16745bbe\"><div class=\"gb-container gb-container-16745bbe\"><div class=\"gb-inside-container\">\n\n<p style=\"font-size:18px\"><strong>WE&#8217;RE CELEBRATING OUR FIRST ANNIVERSARY.<\/strong><\/p>\n\n\n\n<p class=\"has-small-font-size\"><img loading=\"lazy\" decoding=\"async\" alt=\"&#x1F973;\" src=\"https:\/\/static.xx.fbcdn.net\/images\/emoji.php\/v9\/t6d\/1\/16\/1f973.png\" width=\"16\" height=\"16\"\/>Phenomen Collection&#8217;s first birthday!  <img loading=\"lazy\" decoding=\"async\" alt=\"&#x1F973;\" src=\"https:\/\/static.xx.fbcdn.net\/images\/emoji.php\/v9\/t6d\/1\/16\/1f973.png\" width=\"16\" height=\"16\"\/>And definitely a cause for celebration! In today&#8217;s predatory fish and wildlife market, every year is a victory and we are incredibly lucky to be celebrating this anniversary thanks to you. By celebrating the anniversary, we want to primarily thank the people who have been and are part of our growth. To all of you who trusted us and supported us in our beginnings. It has been a great honour to get to know so many wonderful people over the year who have supported us not only with purchases, but also by recommending us to their friends and acquaintances, and we appreciate each and every one of you. You are phenomenal and a huge thank you! <img loading=\"lazy\" decoding=\"async\" alt=\"&#x1F64F;\" src=\"https:\/\/static.xx.fbcdn.net\/images\/emoji.php\/v9\/t80\/1\/16\/1f64f.png\" width=\"16\" height=\"16\"\/>As a thank you for your support, we have prepared a 30% discount for you (enter the code PHENOMEN when you shop at <a href=\"http:\/\/www.phenomencollection.com\/?fbclid=IwAR17002WHMq-qHGjq4ySLXCE2ViXN8JhdfrZZrjQXr8jQFc8RpSyC4wRjgE\" rel=\"noreferrer noopener\" target=\"_blank\">www.phenomencollection.com<\/a> ) for one month and a phenomenal contest for each week of the following month. More experienced and wiser, we move on to more successful years. And it will be a pleasure to spend them with you.  <img loading=\"lazy\" decoding=\"async\" alt=\"&#x1F49A;\" src=\"https:\/\/static.xx.fbcdn.net\/images\/emoji.php\/v9\/t94\/1\/16\/1f49a.png\" width=\"16\" height=\"16\"\/><img loading=\"lazy\" decoding=\"async\" alt=\"&#x1F49B;\" src=\"https:\/\/static.xx.fbcdn.net\/images\/emoji.php\/v9\/t15\/1\/16\/1f49b.png\" width=\"16\" height=\"16\"\/><img loading=\"lazy\" decoding=\"async\" alt=\"&#x2764;&#xFE0F;\" src=\"https:\/\/static.xx.fbcdn.net\/images\/emoji.php\/v9\/t6c\/1\/16\/2764.png\" width=\"16\" height=\"16\"\/><\/p>\n\n\n\n<p style=\"font-size:12.5px\"><\/p>\n\n<\/div><\/div><\/div>\n\n<div class=\"gb-grid-column gb-grid-column-8b835752\"><div class=\"gb-container gb-container-8b835752\"><div class=\"gb-inside-container\">\n\n<figure class=\"wp-block-gallery aligncenter has-nested-images columns-default is-cropped wp-block-gallery-2 is-layout-flex wp-block-gallery-is-layout-flex\">\n<figure class=\"wp-block-image size-large\"><a href=\"https:\/\/phenomencollection.com\/wp-content\/uploads\/2022\/05\/Anniversary-sleva-FB-1024x683.jpg\"><img loading=\"lazy\" decoding=\"async\" width=\"1024\" height=\"683\" data-id=\"1676\" src=\"https:\/\/phenomencollection.com\/wp-content\/uploads\/2022\/05\/Anniversary-sleva-FB-1024x683.jpg\" alt=\"\" class=\"wp-image-1676\" srcset=\"https:\/\/phenomencollection.com\/wp-content\/uploads\/2022\/05\/Anniversary-sleva-FB-1024x683.jpg 1024w, https:\/\/phenomencollection.com\/wp-content\/uploads\/2022\/05\/Anniversary-sleva-FB-300x200.jpg 300w, https:\/\/phenomencollection.com\/wp-content\/uploads\/2022\/05\/Anniversary-sleva-FB-768x512.jpg 768w, https:\/\/phenomencollection.com\/wp-content\/uploads\/2022\/05\/Anniversary-sleva-FB-252x168.jpg 252w, https:\/\/phenomencollection.com\/wp-content\/uploads\/2022\/05\/Anniversary-sleva-FB-600x400.jpg 600w, https:\/\/phenomencollection.com\/wp-content\/uploads\/2022\/05\/Anniversary-sleva-FB.jpg 1200w\" sizes=\"auto, (max-width: 1024px) 100vw, 1024px\" \/><\/a><\/figure><\/figure>\n\n<\/div><\/div><\/div>\n<\/div>\n<\/div><\/div>\n<hr class=\"wp-block-separator\" \/>\n<div class=\"gb-container gb-container-dd97c3c3\"><div class=\"gb-inside-container\">\n<div class=\"gb-grid-wrapper gb-grid-wrapper-5ea6f7f3\">\n<div class=\"gb-grid-column gb-grid-column-745e79b9\"><div class=\"gb-container gb-container-745e79b9\"><div class=\"gb-inside-container\">\n\n<p style=\"font-size:18px\"><strong>PROGRESSIVE DISCOUNTS<\/strong>! CURRENTLY SUSPENDED<\/p>\n\n\n\n<p style=\"font-size:12.5px\">Bigger the purchase, bigger the discount!  <\/p>\n\n\n\n<p style=\"font-size:12.5px\">The higher the amount of your order, the higher the discount we will deduct.  <\/p>\n\n\n\n<p style=\"font-size:12.5px\">10% discount for purchases over CZK 1,000.  <br\/>20% discount for purchases over CZK 2,500.<br\/>30% discount for purchases over CZK 5,000.  <\/p>\n\n\n\n<p style=\"font-size:12.5px\">The discount will be applied automatically to your shopping cart when you reach the above amounts.*<\/p>\n\n<\/div><\/div><\/div>\n\n<div class=\"gb-grid-column gb-grid-column-cac6239a\"><div class=\"gb-container gb-container-cac6239a\"><div class=\"gb-inside-container\">\n\n<figure class=\"wp-block-gallery aligncenter has-nested-images columns-default is-cropped wp-block-gallery-3 is-layout-flex wp-block-gallery-is-layout-flex\">\n<figure class=\"wp-block-image size-large\"><a href=\"https:\/\/phenomencollection.com\/wp-content\/uploads\/2021\/07\/Progresivni&#x301;-sleva-2.jpg\"><img decoding=\"async\" data-id=\"925\" src=\"https:\/\/phenomencollection.com\/wp-content\/uploads\/2021\/07\/Progresivni&#x301;-sleva-2-1024x535.jpg\" alt=\"\" class=\"wp-image-925\"\/><\/a><\/figure><\/figure>\n\n<\/div><\/div><\/div>\n<\/div>\n<\/div><\/div><div class=\"gb-container gb-container-d62921f2\"><div class=\"gb-inside-container\">\n\n<hr class=\"wp-block-separator\" \/>\n\n\n<div class=\"gb-grid-wrapper gb-grid-wrapper-b025a3c4\">\n<div class=\"gb-grid-column gb-grid-column-a1f1ed1a\"><div class=\"gb-container gb-container-a1f1ed1a\"><div class=\"gb-inside-container\">\n\n<p style=\"font-size:18px\"><strong>LIGHTNING CONTEST WITH LINEAGE GENETICS!<\/strong><\/p>\n\n\n\n<p style=\"font-size:12.5px\">Are you familiar with Lineage Genetics? Those who don&#8217;t know, will soon know! This Anglo-Czech couple really knows what they are doing and they do it with the utmost passion and care, which is quite evident in their results. A couple of breeders in body and soul whose main goal is to keep some super genetics alive and also to create their own exclusive hybrids. Their results are truly breathtaking and you can be sure that you will hear more about them.<\/p>\n\n\n\n<p style=\"font-size:12.5px\">As a tasting we have prepared a competition for 3x 3 seeds of their top autoflower varieties.<\/p>\n\n\n\n<p style=\"font-size:12.5px\">3 winners &#8211; each will win 1x pack of 3 Lineage Genetics auto seeds + Phenomen Collection t-shirt and stickers.<\/p>\n\n\n\n<p style=\"font-size:12.5px\">The terms and conditions of the competition can be found on our Facebook or Instagram account.<\/p>\n\n\n\n<p>THE COMPETITION IS CLOSED!<br\/>The winners are Milan Nister, Andrea K\u00fchlweinov\u00e1 and Maty\u00e1\u0161 Petr. Congratulations!<\/p>\n\n<\/div><\/div><\/div>\n\n<div class=\"gb-grid-column gb-grid-column-218a3f0e\"><div class=\"gb-container gb-container-218a3f0e\"><div class=\"gb-inside-container\">\n\n<div class=\"wp-block-image\"><figure class=\"aligncenter size-large\"><a class=\"\" href=\"https:\/\/phenomencollection.com\/wp-content\/uploads\/2021\/08\/Soute&#x30C;z&#x30C;-Lineage-Genetics-ukonc&#x30C;enaFB.jpg\"><img decoding=\"async\" src=\"https:\/\/phenomencollection.com\/wp-content\/uploads\/2021\/08\/Soute&#x30C;z&#x30C;-Lineage-Genetics-ukonc&#x30C;enaFB-1024x535.jpg\" alt=\"\" class=\"wp-image-987\"\/><\/a><\/figure><\/div>\n\n<\/div><\/div><\/div>\n<\/div>\n<\/div><\/div>\n<p class=\"has-text-align-left\" style=\"font-size:15px\"><strong>*HEARTS CANNOT BE COMBINED WITH OTHER DISCOUNTS AND SPECIAL OFFERS.<br\/>*LIONS DO NOT APPLY TO TRANSPORT.<\/strong><\/p>\n","protected":false},"excerpt":{"rendered":"<p>*HEARTS CANNOT BE COMBINED WITH OTHER DISCOUNTS AND SPECIAL OFFERS.*LIONS DO NOT APPLY TO TRANSPORT.<\/p>\n","protected":false},"author":6,"featured_media":0,"parent":0,"menu_order":0,"comment_status":"closed","ping_status":"closed","template":"","meta":{"footnotes":""},"class_list":["post-2313","page","type-page","status-publish"],"_links":{"self":[{"href":"https:\/\/phenomencollection.com\/en\/wp-json\/wp\/v2\/pages\/2313","targetHints":{"allow":["GET"]}}],"collection":[{"href":"https:\/\/phenomencollection.com\/en\/wp-json\/wp\/v2\/pages"}],"about":[{"href":"https:\/\/phenomencollection.com\/en\/wp-json\/wp\/v2\/types\/page"}],"author":[{"embeddable":true,"href":"https:\/\/phenomencollection.com\/en\/wp-json\/wp\/v2\/users\/6"}],"replies":[{"embeddable":true,"href":"https:\/\/phenomencollection.com\/en\/wp-json\/wp\/v2\/comments?post=2313"}],"version-history":[{"count":1,"href":"https:\/\/phenomencollection.com\/en\/wp-json\/wp\/v2\/pages\/2313\/revisions"}],"predecessor-version":[{"id":2314,"href":"https:\/\/phenomencollection.com\/en\/wp-json\/wp\/v2\/pages\/2313\/revisions\/2314"}],"wp:attachment":[{"href":"https:\/\/phenomencollection.com\/en\/wp-json\/wp\/v2\/media?parent=2313"}],"curies":[{"name":"wp","href":"https:\/\/api.w.org\/{rel}","templated":true}]}}