{"id":2336,"date":"2021-03-15T11:08:39","date_gmt":"2021-03-15T10:08:39","guid":{"rendered":"https:\/\/phenomencollection.com\/produkt\/do-g\/"},"modified":"2024-10-24T15:27:32","modified_gmt":"2024-10-24T13:27:32","slug":"do-g","status":"publish","type":"product","link":"https:\/\/phenomencollection.com\/en\/produkt\/do-g\/","title":{"rendered":"DO-G"},"content":{"rendered":"<p><strong>GENETICS:<\/strong><br \/>\nWIFI #43 X DO-SI-DOS <strong>TYPE:<\/strong><br \/>\nHYBRID<\/p>\n<p>Do-G is a hybrid of White Fire Og a.k.a Wifi #43 and Ripper&#8217;s reversion of Do-si-dos. The result is a perfect combination of cookies and Og, combining the best of both parents. A mixture of earth, sour and fuel that will invade all your senses. Stop looking, this is your new favorite variety! Do-G puts the fire in your hands!<\/p>\n<p><strong>TROFEJE:<\/strong><br \/>\nII. Place Solvent Spannabis Champions Cup 2020<\/p>\n","protected":false},"excerpt":{"rendered":"<p>GENETICS: WIFI #43 X DO-SI-DOS TYPE: HYBRID Do-G is a hybrid of White Fire Og a.k.a Wifi #43 and Ripper&#8217;s reversion of Do-si-dos. The result is a perfect combination of cookies and Og, combining the best of both parents. A mixture of earth, sour and fuel that will invade all your senses. Stop looking, this &#8230; <a title=\"DO-G\" class=\"read-more\" href=\"https:\/\/phenomencollection.com\/en\/produkt\/do-g\/\" aria-label=\"Read more about DO-G\">\u010d\u00edst d\u00e1l<\/a><\/p>\n","protected":false},"featured_media":2057,"comment_status":"closed","ping_status":"closed","template":"","meta":[],"product_brand":[],"product_cat":[72],"product_tag":[73],"class_list":{"0":"post-2336","1":"product","2":"type-product","3":"status-publish","4":"has-post-thumbnail","6":"product_cat-ripper-seeds-en","7":"product_tag-cup-winners-en","8":"sales-flash-overlay","9":"woocommerce-text-align-center","10":"woocommerce-image-align-center","11":"do-quantity-buttons","13":"first","14":"instock","15":"shipping-taxable","16":"purchasable","17":"product-type-variable","18":"has-default-attributes"},"_links":{"self":[{"href":"https:\/\/phenomencollection.com\/en\/wp-json\/wp\/v2\/product\/2336","targetHints":{"allow":["GET"]}}],"collection":[{"href":"https:\/\/phenomencollection.com\/en\/wp-json\/wp\/v2\/product"}],"about":[{"href":"https:\/\/phenomencollection.com\/en\/wp-json\/wp\/v2\/types\/product"}],"replies":[{"embeddable":true,"href":"https:\/\/phenomencollection.com\/en\/wp-json\/wp\/v2\/comments?post=2336"}],"wp:featuredmedia":[{"embeddable":true,"href":"https:\/\/phenomencollection.com\/en\/wp-json\/wp\/v2\/media\/2057"}],"wp:attachment":[{"href":"https:\/\/phenomencollection.com\/en\/wp-json\/wp\/v2\/media?parent=2336"}],"wp:term":[{"taxonomy":"product_brand","embeddable":true,"href":"https:\/\/phenomencollection.com\/en\/wp-json\/wp\/v2\/product_brand?post=2336"},{"taxonomy":"product_cat","embeddable":true,"href":"https:\/\/phenomencollection.com\/en\/wp-json\/wp\/v2\/product_cat?post=2336"},{"taxonomy":"product_tag","embeddable":true,"href":"https:\/\/phenomencollection.com\/en\/wp-json\/wp\/v2\/product_tag?post=2336"}],"curies":[{"name":"wp","href":"https:\/\/api.w.org\/{rel}","templated":true}]}}