{"id":2339,"date":"2021-03-15T11:08:38","date_gmt":"2021-03-15T10:08:38","guid":{"rendered":"https:\/\/phenomencollection.com\/produkt\/mimosa-cake-car\/"},"modified":"2025-02-04T10:43:36","modified_gmt":"2025-02-04T09:43:36","slug":"mimosa-cake-auto","status":"publish","type":"product","link":"https:\/\/phenomencollection.com\/en\/produkt\/mimosa-cake-auto\/","title":{"rendered":"MIMOSA CAKE CAR"},"content":{"rendered":"<p><strong>GENETICS:<\/strong><br \/>\nMIMOSA CAKE AUTO<\/p>\n<p><strong>TYPE:<\/strong><br \/>\nSATIVA DOMINANT<\/p>\n<p>Mimosa Cake Auto is a Sativa dominant hybrid but thanks to the handpicked terpene profile comes hand-in-hand with a nice Indica side. Light green flowers with dark green hues and sometimes exhibiting pink highlights give the buds a hypnotizing appearance. Reek of a tropical fruit cocktail with a strong earthy hint makes this trichome bomb another \u201emust have\u201c for your collection!<\/p>\n","protected":false},"excerpt":{"rendered":"<p>GENETICS: MIMOSA CAKE AUTO TYPE: SATIVA DOMINANT Mimosa Cake Auto is a Sativa dominant hybrid but thanks to the handpicked terpene profile comes hand-in-hand with a nice Indica side. Light green flowers with dark green hues and sometimes exhibiting pink highlights give the buds a hypnotizing appearance. Reek of a tropical fruit cocktail with a &#8230; <a title=\"MIMOSA CAKE CAR\" class=\"read-more\" href=\"https:\/\/phenomencollection.com\/en\/produkt\/mimosa-cake-auto\/\" aria-label=\"Read more about MIMOSA CAKE CAR\">\u010d\u00edst d\u00e1l<\/a><\/p>\n","protected":false},"featured_media":2048,"comment_status":"closed","ping_status":"closed","template":"","meta":[],"product_brand":[],"product_cat":[81],"product_tag":[],"class_list":{"0":"post-2339","1":"product","2":"type-product","3":"status-publish","4":"has-post-thumbnail","6":"product_cat-fast-buds-en","7":"sales-flash-overlay","8":"woocommerce-text-align-center","9":"woocommerce-image-align-center","10":"do-quantity-buttons","12":"first","13":"instock","14":"shipping-taxable","15":"purchasable","16":"product-type-variable","17":"has-default-attributes"},"_links":{"self":[{"href":"https:\/\/phenomencollection.com\/en\/wp-json\/wp\/v2\/product\/2339","targetHints":{"allow":["GET"]}}],"collection":[{"href":"https:\/\/phenomencollection.com\/en\/wp-json\/wp\/v2\/product"}],"about":[{"href":"https:\/\/phenomencollection.com\/en\/wp-json\/wp\/v2\/types\/product"}],"replies":[{"embeddable":true,"href":"https:\/\/phenomencollection.com\/en\/wp-json\/wp\/v2\/comments?post=2339"}],"wp:featuredmedia":[{"embeddable":true,"href":"https:\/\/phenomencollection.com\/en\/wp-json\/wp\/v2\/media\/2048"}],"wp:attachment":[{"href":"https:\/\/phenomencollection.com\/en\/wp-json\/wp\/v2\/media?parent=2339"}],"wp:term":[{"taxonomy":"product_brand","embeddable":true,"href":"https:\/\/phenomencollection.com\/en\/wp-json\/wp\/v2\/product_brand?post=2339"},{"taxonomy":"product_cat","embeddable":true,"href":"https:\/\/phenomencollection.com\/en\/wp-json\/wp\/v2\/product_cat?post=2339"},{"taxonomy":"product_tag","embeddable":true,"href":"https:\/\/phenomencollection.com\/en\/wp-json\/wp\/v2\/product_tag?post=2339"}],"curies":[{"name":"wp","href":"https:\/\/api.w.org\/{rel}","templated":true}]}}