{"id":2348,"date":"2021-04-01T20:56:43","date_gmt":"2021-04-01T18:56:43","guid":{"rendered":"https:\/\/phenomencollection.com\/produkt\/wedding-glue-car\/"},"modified":"2025-01-15T08:24:36","modified_gmt":"2025-01-15T07:24:36","slug":"wedding-glue-auto","status":"publish","type":"product","link":"https:\/\/phenomencollection.com\/en\/produkt\/wedding-glue-auto\/","title":{"rendered":"WEDDING GLUE AUTO"},"content":{"rendered":"<p><strong>GENETICS:<\/strong><br \/>\nWEDDING GLUE AUTO<br \/>\n<strong>TYPE:<\/strong><br \/>\nINDICA DOMINANT<\/p>\n<p>A ridiculously potent autoflower suited for all types of collectors. This indica dominant hybrid is so resinous that it looks like it\u2019s covered with creamy white icing, which will remind you of sweet vanilla ice cream\u2026 with an earthy touch. An insane amount of resin makes it ideal for those seeking after the real diamonds!<\/p>\n","protected":false},"excerpt":{"rendered":"<p>GENETICS: WEDDING GLUE AUTO TYPE: INDICA DOMINANT A ridiculously potent autoflower suited for all types of collectors. This indica dominant hybrid is so resinous that it looks like it\u2019s covered with creamy white icing, which will remind you of sweet vanilla ice cream\u2026 with an earthy touch. An insane amount of resin makes it ideal &#8230; <a title=\"WEDDING GLUE AUTO\" class=\"read-more\" href=\"https:\/\/phenomencollection.com\/en\/produkt\/wedding-glue-auto\/\" aria-label=\"Read more about WEDDING GLUE AUTO\">\u010d\u00edst d\u00e1l<\/a><\/p>\n","protected":false},"featured_media":2051,"comment_status":"closed","ping_status":"closed","template":"","meta":[],"product_brand":[],"product_cat":[81],"product_tag":[],"class_list":{"0":"post-2348","1":"product","2":"type-product","3":"status-publish","4":"has-post-thumbnail","6":"product_cat-fast-buds-en","7":"sales-flash-overlay","8":"woocommerce-text-align-center","9":"woocommerce-image-align-center","10":"do-quantity-buttons","12":"first","13":"instock","14":"shipping-taxable","15":"purchasable","16":"product-type-variable","17":"has-default-attributes"},"_links":{"self":[{"href":"https:\/\/phenomencollection.com\/en\/wp-json\/wp\/v2\/product\/2348","targetHints":{"allow":["GET"]}}],"collection":[{"href":"https:\/\/phenomencollection.com\/en\/wp-json\/wp\/v2\/product"}],"about":[{"href":"https:\/\/phenomencollection.com\/en\/wp-json\/wp\/v2\/types\/product"}],"replies":[{"embeddable":true,"href":"https:\/\/phenomencollection.com\/en\/wp-json\/wp\/v2\/comments?post=2348"}],"wp:featuredmedia":[{"embeddable":true,"href":"https:\/\/phenomencollection.com\/en\/wp-json\/wp\/v2\/media\/2051"}],"wp:attachment":[{"href":"https:\/\/phenomencollection.com\/en\/wp-json\/wp\/v2\/media?parent=2348"}],"wp:term":[{"taxonomy":"product_brand","embeddable":true,"href":"https:\/\/phenomencollection.com\/en\/wp-json\/wp\/v2\/product_brand?post=2348"},{"taxonomy":"product_cat","embeddable":true,"href":"https:\/\/phenomencollection.com\/en\/wp-json\/wp\/v2\/product_cat?post=2348"},{"taxonomy":"product_tag","embeddable":true,"href":"https:\/\/phenomencollection.com\/en\/wp-json\/wp\/v2\/product_tag?post=2348"}],"curies":[{"name":"wp","href":"https:\/\/api.w.org\/{rel}","templated":true}]}}