{"id":2351,"date":"2021-03-16T16:14:20","date_gmt":"2021-03-16T15:14:20","guid":{"rendered":"https:\/\/phenomencollection.com\/produkt\/channel\/"},"modified":"2023-09-07T09:31:25","modified_gmt":"2023-09-07T07:31:25","slug":"channel","status":"publish","type":"product","link":"https:\/\/phenomencollection.com\/en\/produkt\/channel\/","title":{"rendered":"CHANNEL+"},"content":{"rendered":"<p><strong>GENETICS:<\/strong><br \/>\nBIG BUD X SKUNK<\/p>\n<p><strong>TYPE:<\/strong><br \/>\nHYBRID<\/p>\n<p>This multi-award winning strain is truly a masterpiece of the breeding process. Imagine a stinky monster created by crossing Big Bud and Skunk. Ideal for all types of collectors, built to adapt perfectly practically all over the world. Is well known for its effects in the treatment of chronic diseases such as multiple sclerosis and fibromyalgia. Keep it for future generations!<\/p>\n<p><strong>TROPHIES:<\/strong><br \/>\nI. place Hash &#8211; Herbes del Dimoni &#8211; Balearics 2017<\/p>\n<p>III. Place Extracts BHO &#8211; THC Valencia &#8211; Valencia 2016<\/p>\n<p>II. Place Indoor &#8211; ADC San Antonio Cup &#8211; Chile 2016<\/p>\n<p>III. Place Indoor &#8211; Mallorca Cannabis cup &#8211; Mallorca 2013<\/p>\n<p>I. place Extracts &#8211; Spannabis cup &#8211; Barcelona 2010<\/p>\n<p>I. place Indoor &#8211; Copa Ibiza &#8211; Ibiza 2009<\/p>\n<p>III. place Indoor &#8211; Djamba Cup &#8211; Balearic Islands 2009<\/p>\n<p>I. place Extracts &#8211; Copa Balear &#8211; Balearics 2008<\/p>\n<p>I. place Extracts &#8211; Spannabis cup &#8211; Barcelona 2008<\/p>\n","protected":false},"excerpt":{"rendered":"<p>GENETICS: BIG BUD X SKUNK TYPE: HYBRID This multi-award winning strain is truly a masterpiece of the breeding process. Imagine a stinky monster created by crossing Big Bud and Skunk. Ideal for all types of collectors, built to adapt perfectly practically all over the world. Is well known for its effects in the treatment of &#8230; <a title=\"CHANNEL+\" class=\"read-more\" href=\"https:\/\/phenomencollection.com\/en\/produkt\/channel\/\" aria-label=\"Read more about CHANNEL+\">\u010d\u00edst d\u00e1l<\/a><\/p>\n","protected":false},"featured_media":2053,"comment_status":"closed","ping_status":"closed","template":"","meta":[],"product_brand":[],"product_cat":[75],"product_tag":[73],"class_list":{"0":"post-2351","1":"product","2":"type-product","3":"status-publish","4":"has-post-thumbnail","6":"product_cat-medical-seeds-en","7":"product_tag-cup-winners-en","8":"sales-flash-overlay","9":"woocommerce-text-align-center","10":"woocommerce-image-align-center","11":"do-quantity-buttons","13":"first","14":"instock","15":"shipping-taxable","16":"purchasable","17":"product-type-variable","18":"has-default-attributes"},"_links":{"self":[{"href":"https:\/\/phenomencollection.com\/en\/wp-json\/wp\/v2\/product\/2351","targetHints":{"allow":["GET"]}}],"collection":[{"href":"https:\/\/phenomencollection.com\/en\/wp-json\/wp\/v2\/product"}],"about":[{"href":"https:\/\/phenomencollection.com\/en\/wp-json\/wp\/v2\/types\/product"}],"replies":[{"embeddable":true,"href":"https:\/\/phenomencollection.com\/en\/wp-json\/wp\/v2\/comments?post=2351"}],"wp:featuredmedia":[{"embeddable":true,"href":"https:\/\/phenomencollection.com\/en\/wp-json\/wp\/v2\/media\/2053"}],"wp:attachment":[{"href":"https:\/\/phenomencollection.com\/en\/wp-json\/wp\/v2\/media?parent=2351"}],"wp:term":[{"taxonomy":"product_brand","embeddable":true,"href":"https:\/\/phenomencollection.com\/en\/wp-json\/wp\/v2\/product_brand?post=2351"},{"taxonomy":"product_cat","embeddable":true,"href":"https:\/\/phenomencollection.com\/en\/wp-json\/wp\/v2\/product_cat?post=2351"},{"taxonomy":"product_tag","embeddable":true,"href":"https:\/\/phenomencollection.com\/en\/wp-json\/wp\/v2\/product_tag?post=2351"}],"curies":[{"name":"wp","href":"https:\/\/api.w.org\/{rel}","templated":true}]}}