{"id":2356,"date":"2021-03-15T11:08:39","date_gmt":"2021-03-15T10:08:39","guid":{"rendered":"https:\/\/phenomencollection.com\/produkt\/kmintz\/"},"modified":"2024-07-17T10:07:56","modified_gmt":"2024-07-17T08:07:56","slug":"kmintz","status":"publish","type":"product","link":"https:\/\/phenomencollection.com\/en\/produkt\/kmintz\/","title":{"rendered":"KMINTZ"},"content":{"rendered":"<p><strong>GENETICS:<\/strong><br \/>\nZKITTLEZ X KUSH MINT<\/p>\n<p><strong>TYPE:<\/strong><br \/>\nINDICA DOMINANT<\/p>\n<p>Good genetics is the key to success and in this colored beauty someone really cared about quality roots! Crossing of super famous californian parents zkittles and kush mint created a powerful autumnal looking plant with shades of color such as orange, red and violet. Collectible piece in the form of the spannabis champions cup in the non-solvents category winner!<\/p>\n<p><strong>TROPHIES:<\/strong><br \/>\nI. place Non-solvent Spannabis Champions Cup 2020<\/p>\n","protected":false},"excerpt":{"rendered":"<p>GENETICS: ZKITTLEZ X KUSH MINT TYPE: INDICA DOMINANT Good genetics is the key to success and in this colored beauty someone really cared about quality roots! Crossing of super famous californian parents zkittles and kush mint created a powerful autumnal looking plant with shades of color such as orange, red and violet. Collectible piece in &#8230; <a title=\"KMINTZ\" class=\"read-more\" href=\"https:\/\/phenomencollection.com\/en\/produkt\/kmintz\/\" aria-label=\"Read more about KMINTZ\">\u010d\u00edst d\u00e1l<\/a><\/p>\n","protected":false},"featured_media":2056,"comment_status":"closed","ping_status":"closed","template":"","meta":[],"product_brand":[],"product_cat":[72],"product_tag":[73],"class_list":{"0":"post-2356","1":"product","2":"type-product","3":"status-publish","4":"has-post-thumbnail","6":"product_cat-ripper-seeds-en","7":"product_tag-cup-winners-en","8":"sales-flash-overlay","9":"woocommerce-text-align-center","10":"woocommerce-image-align-center","11":"do-quantity-buttons","13":"first","14":"instock","15":"shipping-taxable","16":"purchasable","17":"product-type-variable","18":"has-default-attributes"},"_links":{"self":[{"href":"https:\/\/phenomencollection.com\/en\/wp-json\/wp\/v2\/product\/2356","targetHints":{"allow":["GET"]}}],"collection":[{"href":"https:\/\/phenomencollection.com\/en\/wp-json\/wp\/v2\/product"}],"about":[{"href":"https:\/\/phenomencollection.com\/en\/wp-json\/wp\/v2\/types\/product"}],"replies":[{"embeddable":true,"href":"https:\/\/phenomencollection.com\/en\/wp-json\/wp\/v2\/comments?post=2356"}],"wp:featuredmedia":[{"embeddable":true,"href":"https:\/\/phenomencollection.com\/en\/wp-json\/wp\/v2\/media\/2056"}],"wp:attachment":[{"href":"https:\/\/phenomencollection.com\/en\/wp-json\/wp\/v2\/media?parent=2356"}],"wp:term":[{"taxonomy":"product_brand","embeddable":true,"href":"https:\/\/phenomencollection.com\/en\/wp-json\/wp\/v2\/product_brand?post=2356"},{"taxonomy":"product_cat","embeddable":true,"href":"https:\/\/phenomencollection.com\/en\/wp-json\/wp\/v2\/product_cat?post=2356"},{"taxonomy":"product_tag","embeddable":true,"href":"https:\/\/phenomencollection.com\/en\/wp-json\/wp\/v2\/product_tag?post=2356"}],"curies":[{"name":"wp","href":"https:\/\/api.w.org\/{rel}","templated":true}]}}