{"id":2359,"date":"2021-06-03T12:19:47","date_gmt":"2021-06-03T10:19:47","guid":{"rendered":"https:\/\/phenomencollection.com\/produkt\/auto-critical-orange-punch\/"},"modified":"2025-04-15T21:29:21","modified_gmt":"2025-04-15T19:29:21","slug":"auto-critical-orange-punch","status":"publish","type":"product","link":"https:\/\/phenomencollection.com\/en\/produkt\/auto-critical-orange-punch\/","title":{"rendered":"AUTO CRITICAL ORANGE PUNCH"},"content":{"rendered":"<p><strong>GENETICS:<\/strong><br \/>\nORANGE PUNCH X AUTO KRITICAL BILBO<\/p>\n<p><strong>TYPE:<\/strong><br \/>\nHYBRID<\/p>\n<p>Auto Critical Orange Punch is a feminized autoflowering seed variety, the first Dutch Passion auto to use Critical genetics. The genetic base was Grandaddy Purple (Purps) x Orange Bud. HOWEVER, IT BECAME A REAL GIANT AFTER CROSSING WITH THE ELITE XXL AUTO KRITICAL BILBO.<br \/>\nTHIS VARIETY HAS A VERY FRUITY TERPENE PROFILE WITH MOSTLY SWEET AND SOUR NOTES OF ORANGE, LEMON AND HASH. Special and unique autoflower, easy boy with bodybuilder dimensions beloved in the autoflower community.<\/p>\n","protected":false},"excerpt":{"rendered":"<p>GENETICS: ORANGE PUNCH X AUTO KRITICAL BILBO TYPE: HYBRID Auto Critical Orange Punch is a feminized autoflowering seed variety, the first Dutch Passion auto to use Critical genetics. The genetic base was Grandaddy Purple (Purps) x Orange Bud. HOWEVER, IT BECAME A REAL GIANT AFTER CROSSING WITH THE ELITE XXL AUTO KRITICAL BILBO. THIS VARIETY &#8230; <a title=\"AUTO CRITICAL ORANGE PUNCH\" class=\"read-more\" href=\"https:\/\/phenomencollection.com\/en\/produkt\/auto-critical-orange-punch\/\" aria-label=\"Read more about AUTO CRITICAL ORANGE PUNCH\">\u010d\u00edst d\u00e1l<\/a><\/p>\n","protected":false},"featured_media":2104,"comment_status":"closed","ping_status":"closed","template":"","meta":[],"product_brand":[],"product_cat":[83],"product_tag":[],"class_list":{"0":"post-2359","1":"product","2":"type-product","3":"status-publish","4":"has-post-thumbnail","6":"product_cat-dutch-passion-en","7":"sales-flash-overlay","8":"woocommerce-text-align-center","9":"woocommerce-image-align-center","10":"do-quantity-buttons","12":"first","13":"instock","14":"shipping-taxable","15":"purchasable","16":"product-type-variable","17":"has-default-attributes"},"_links":{"self":[{"href":"https:\/\/phenomencollection.com\/en\/wp-json\/wp\/v2\/product\/2359","targetHints":{"allow":["GET"]}}],"collection":[{"href":"https:\/\/phenomencollection.com\/en\/wp-json\/wp\/v2\/product"}],"about":[{"href":"https:\/\/phenomencollection.com\/en\/wp-json\/wp\/v2\/types\/product"}],"replies":[{"embeddable":true,"href":"https:\/\/phenomencollection.com\/en\/wp-json\/wp\/v2\/comments?post=2359"}],"wp:featuredmedia":[{"embeddable":true,"href":"https:\/\/phenomencollection.com\/en\/wp-json\/wp\/v2\/media\/2104"}],"wp:attachment":[{"href":"https:\/\/phenomencollection.com\/en\/wp-json\/wp\/v2\/media?parent=2359"}],"wp:term":[{"taxonomy":"product_brand","embeddable":true,"href":"https:\/\/phenomencollection.com\/en\/wp-json\/wp\/v2\/product_brand?post=2359"},{"taxonomy":"product_cat","embeddable":true,"href":"https:\/\/phenomencollection.com\/en\/wp-json\/wp\/v2\/product_cat?post=2359"},{"taxonomy":"product_tag","embeddable":true,"href":"https:\/\/phenomencollection.com\/en\/wp-json\/wp\/v2\/product_tag?post=2359"}],"curies":[{"name":"wp","href":"https:\/\/api.w.org\/{rel}","templated":true}]}}