{"id":2364,"date":"2021-03-16T15:23:46","date_gmt":"2021-03-16T14:23:46","guid":{"rendered":"https:\/\/phenomencollection.com\/produkt\/prozack\/"},"modified":"2023-09-10T20:50:16","modified_gmt":"2023-09-10T18:50:16","slug":"prozack","status":"publish","type":"product","link":"https:\/\/phenomencollection.com\/en\/produkt\/prozack\/","title":{"rendered":"PROZACK"},"content":{"rendered":"<p><strong>GENETICS:<\/strong><br \/>\nLAVANDER X KUSH<\/p>\n<p><strong>TYPE:<\/strong><br \/>\nINDICA DOMINANT<\/p>\n<p>This is real medicine! Prozack&#8217;s genetics come from a very renowned Dutch strain Lavender, winner of several awards well known as master switch, moreover boosted by crossing with the best Kush from Medical Seeds selection. Ideal for all who love Afghan tones. For its extreme production of trichomes and sedativity, this genetics must become part of your medicinal collection.<\/p>\n<p><strong>TROPHIES:<\/strong><br \/>\nII. Place Outdoor Indica &#8211; Copa UCLA &#8211; Chile 2016<\/p>\n<p>II. Outdoor Mallorca Cannabis Cup &#8211; Balearic Islands 2015<\/p>\n","protected":false},"excerpt":{"rendered":"<p>GENETICS: LAVANDER X KUSH TYPE: INDICA DOMINANT This is real medicine! Prozack&#8217;s genetics come from a very renowned Dutch strain Lavender, winner of several awards well known as master switch, moreover boosted by crossing with the best Kush from Medical Seeds selection. Ideal for all who love Afghan tones. For its extreme production of trichomes &#8230; <a title=\"PROZACK\" class=\"read-more\" href=\"https:\/\/phenomencollection.com\/en\/produkt\/prozack\/\" aria-label=\"Read more about PROZACK\">\u010d\u00edst d\u00e1l<\/a><\/p>\n","protected":false},"featured_media":2052,"comment_status":"closed","ping_status":"closed","template":"","meta":[],"product_brand":[],"product_cat":[75],"product_tag":[73],"class_list":{"0":"post-2364","1":"product","2":"type-product","3":"status-publish","4":"has-post-thumbnail","6":"product_cat-medical-seeds-en","7":"product_tag-cup-winners-en","8":"sales-flash-overlay","9":"woocommerce-text-align-center","10":"woocommerce-image-align-center","11":"do-quantity-buttons","13":"first","14":"instock","15":"shipping-taxable","16":"purchasable","17":"product-type-variable","18":"has-default-attributes"},"_links":{"self":[{"href":"https:\/\/phenomencollection.com\/en\/wp-json\/wp\/v2\/product\/2364","targetHints":{"allow":["GET"]}}],"collection":[{"href":"https:\/\/phenomencollection.com\/en\/wp-json\/wp\/v2\/product"}],"about":[{"href":"https:\/\/phenomencollection.com\/en\/wp-json\/wp\/v2\/types\/product"}],"replies":[{"embeddable":true,"href":"https:\/\/phenomencollection.com\/en\/wp-json\/wp\/v2\/comments?post=2364"}],"wp:featuredmedia":[{"embeddable":true,"href":"https:\/\/phenomencollection.com\/en\/wp-json\/wp\/v2\/media\/2052"}],"wp:attachment":[{"href":"https:\/\/phenomencollection.com\/en\/wp-json\/wp\/v2\/media?parent=2364"}],"wp:term":[{"taxonomy":"product_brand","embeddable":true,"href":"https:\/\/phenomencollection.com\/en\/wp-json\/wp\/v2\/product_brand?post=2364"},{"taxonomy":"product_cat","embeddable":true,"href":"https:\/\/phenomencollection.com\/en\/wp-json\/wp\/v2\/product_cat?post=2364"},{"taxonomy":"product_tag","embeddable":true,"href":"https:\/\/phenomencollection.com\/en\/wp-json\/wp\/v2\/product_tag?post=2364"}],"curies":[{"name":"wp","href":"https:\/\/api.w.org\/{rel}","templated":true}]}}