{"id":2365,"date":"2021-06-03T12:28:43","date_gmt":"2021-06-03T10:28:43","guid":{"rendered":"https:\/\/phenomencollection.com\/produkt\/pandora\/"},"modified":"2023-01-02T20:36:29","modified_gmt":"2023-01-02T19:36:29","slug":"pandora","status":"publish","type":"product","link":"https:\/\/phenomencollection.com\/en\/produkt\/pandora\/","title":{"rendered":"PANDORA"},"content":{"rendered":"<p><strong>GENETICS:<\/strong><br \/>\nPANDORA<br \/>\n<strong>TYPE:<\/strong><br \/>\nINDICA DOMINANT<\/p>\n<p>Pandora is an autoflowering variety which has been bred with the medical user in mind. This strain combines various indica strains in order to create a sort of Pandora\u2019s Box of indica effects. Beautiful goddess who is an award winner, prized in the High Life Cup, with stand out qualities such as a compact form and dense, long buds that are resin packed and aromatic flowers. Pandora is a sweet and spicy indica popular among medical patients.<\/p>\n","protected":false},"excerpt":{"rendered":"<p>GENETICS: PANDORA TYPE: INDICA DOMINANT Pandora is an autoflowering variety which has been bred with the medical user in mind. This strain combines various indica strains in order to create a sort of Pandora\u2019s Box of indica effects. Beautiful goddess who is an award winner, prized in the High Life Cup, with stand out qualities &#8230; <a title=\"PANDORA\" class=\"read-more\" href=\"https:\/\/phenomencollection.com\/en\/produkt\/pandora\/\" aria-label=\"Read more about PANDORA\">\u010d\u00edst d\u00e1l<\/a><\/p>\n","protected":false},"featured_media":2116,"comment_status":"closed","ping_status":"closed","template":"","meta":[],"product_brand":[],"product_cat":[84],"product_tag":[73],"class_list":{"0":"post-2365","1":"product","2":"type-product","3":"status-publish","4":"has-post-thumbnail","6":"product_cat-paradise-seeds-en","7":"product_tag-cup-winners-en","8":"sales-flash-overlay","9":"woocommerce-text-align-center","10":"woocommerce-image-align-center","11":"do-quantity-buttons","13":"first","14":"instock","15":"shipping-taxable","16":"purchasable","17":"product-type-variable","18":"has-default-attributes"},"_links":{"self":[{"href":"https:\/\/phenomencollection.com\/en\/wp-json\/wp\/v2\/product\/2365","targetHints":{"allow":["GET"]}}],"collection":[{"href":"https:\/\/phenomencollection.com\/en\/wp-json\/wp\/v2\/product"}],"about":[{"href":"https:\/\/phenomencollection.com\/en\/wp-json\/wp\/v2\/types\/product"}],"replies":[{"embeddable":true,"href":"https:\/\/phenomencollection.com\/en\/wp-json\/wp\/v2\/comments?post=2365"}],"wp:featuredmedia":[{"embeddable":true,"href":"https:\/\/phenomencollection.com\/en\/wp-json\/wp\/v2\/media\/2116"}],"wp:attachment":[{"href":"https:\/\/phenomencollection.com\/en\/wp-json\/wp\/v2\/media?parent=2365"}],"wp:term":[{"taxonomy":"product_brand","embeddable":true,"href":"https:\/\/phenomencollection.com\/en\/wp-json\/wp\/v2\/product_brand?post=2365"},{"taxonomy":"product_cat","embeddable":true,"href":"https:\/\/phenomencollection.com\/en\/wp-json\/wp\/v2\/product_cat?post=2365"},{"taxonomy":"product_tag","embeddable":true,"href":"https:\/\/phenomencollection.com\/en\/wp-json\/wp\/v2\/product_tag?post=2365"}],"curies":[{"name":"wp","href":"https:\/\/api.w.org\/{rel}","templated":true}]}}