{"id":2377,"date":"2021-03-15T11:08:39","date_gmt":"2021-03-15T10:08:39","guid":{"rendered":"https:\/\/phenomencollection.com\/produkt\/y-griega-cbd-2-0\/"},"modified":"2023-09-10T20:50:41","modified_gmt":"2023-09-10T18:50:41","slug":"y-thread-cbd-2-0","status":"publish","type":"product","link":"https:\/\/phenomencollection.com\/en\/produkt\/y-thread-cbd-2-0\/","title":{"rendered":"Y GRIEGA CBD 2.0"},"content":{"rendered":"<p><strong>GENETICS:<\/strong><br \/>\nY GRIEGA CBD X CHERRY WINE CBD<\/p>\n<p><strong>TYPE:<\/strong><br \/>\nHYBRID<\/p>\n<p>This genetic treasure is the result of many years of selection and crossing with popular strain Y Griega CBD. Medical Seeds managed to create a plant with a high CBD content and THC level below 0.3%. The fruit of breeding in which Y Griega has been crossed with other cherry hint CBD strains is a stable plant with a thc:cbd ratio of 1:20.<\/p>\n","protected":false},"excerpt":{"rendered":"<p>GENETICS: Y GRIEGA CBD X CHERRY WINE CBD TYPE: HYBRID This genetic treasure is the result of many years of selection and crossing with popular strain Y Griega CBD. Medical Seeds managed to create a plant with a high CBD content and THC level below 0.3%. The fruit of breeding in which Y Griega has &#8230; <a title=\"Y GRIEGA CBD 2.0\" class=\"read-more\" href=\"https:\/\/phenomencollection.com\/en\/produkt\/y-thread-cbd-2-0\/\" aria-label=\"Read more about Y GRIEGA CBD 2.0\">\u010d\u00edst d\u00e1l<\/a><\/p>\n","protected":false},"featured_media":2047,"comment_status":"closed","ping_status":"closed","template":"","meta":[],"product_brand":[],"product_cat":[75],"product_tag":[],"class_list":{"0":"post-2377","1":"product","2":"type-product","3":"status-publish","4":"has-post-thumbnail","6":"product_cat-medical-seeds-en","7":"sales-flash-overlay","8":"woocommerce-text-align-center","9":"woocommerce-image-align-center","10":"do-quantity-buttons","12":"first","13":"outofstock","14":"shipping-taxable","15":"purchasable","16":"product-type-variable","17":"has-default-attributes"},"_links":{"self":[{"href":"https:\/\/phenomencollection.com\/en\/wp-json\/wp\/v2\/product\/2377","targetHints":{"allow":["GET"]}}],"collection":[{"href":"https:\/\/phenomencollection.com\/en\/wp-json\/wp\/v2\/product"}],"about":[{"href":"https:\/\/phenomencollection.com\/en\/wp-json\/wp\/v2\/types\/product"}],"replies":[{"embeddable":true,"href":"https:\/\/phenomencollection.com\/en\/wp-json\/wp\/v2\/comments?post=2377"}],"wp:featuredmedia":[{"embeddable":true,"href":"https:\/\/phenomencollection.com\/en\/wp-json\/wp\/v2\/media\/2047"}],"wp:attachment":[{"href":"https:\/\/phenomencollection.com\/en\/wp-json\/wp\/v2\/media?parent=2377"}],"wp:term":[{"taxonomy":"product_brand","embeddable":true,"href":"https:\/\/phenomencollection.com\/en\/wp-json\/wp\/v2\/product_brand?post=2377"},{"taxonomy":"product_cat","embeddable":true,"href":"https:\/\/phenomencollection.com\/en\/wp-json\/wp\/v2\/product_cat?post=2377"},{"taxonomy":"product_tag","embeddable":true,"href":"https:\/\/phenomencollection.com\/en\/wp-json\/wp\/v2\/product_tag?post=2377"}],"curies":[{"name":"wp","href":"https:\/\/api.w.org\/{rel}","templated":true}]}}