{"id":2378,"date":"2021-06-03T12:28:43","date_gmt":"2021-06-03T10:28:43","guid":{"rendered":"https:\/\/phenomencollection.com\/produkt\/auto-kong-4\/"},"modified":"2023-03-27T15:39:31","modified_gmt":"2023-03-27T13:39:31","slug":"auto-conga-4","status":"publish","type":"product","link":"https:\/\/phenomencollection.com\/en\/produkt\/auto-conga-4\/","title":{"rendered":"AUTO KONG 4"},"content":{"rendered":"<p><strong>GENETICS:<\/strong><br \/>\nGORILLA GLUE X PANDORA<br \/>\n<strong>TYPE:<\/strong><br \/>\nINDICA DOMINANT<\/p>\n<p>Looking for something strong and powerful for your collection? You found it! &#8230; Auto Kong is the real king of the jungle. An explosive autoflower that comes with the Tommy Chong seal of approval. This hybrid beast harnesses great power and genetic stability. Paradise Seeds version of the tremendously potent GG, formerly known as Gorilla Glue. Original GG cutting from the USA was backcrossed over 4 generations and combined with Pandora. The result is an auto that will stick you to the ceiling and leave you eager for more!<\/p>\n","protected":false},"excerpt":{"rendered":"<p>GENETICS: GORILLA GLUE X PANDORA TYPE: INDICA DOMINANT Looking for something strong and powerful for your collection? You found it! &#8230; Auto Kong is the real king of the jungle. An explosive autoflower that comes with the Tommy Chong seal of approval. This hybrid beast harnesses great power and genetic stability. Paradise Seeds version of &#8230; <a title=\"AUTO KONG 4\" class=\"read-more\" href=\"https:\/\/phenomencollection.com\/en\/produkt\/auto-conga-4\/\" aria-label=\"Read more about AUTO KONG 4\">\u010d\u00edst d\u00e1l<\/a><\/p>\n","protected":false},"featured_media":2115,"comment_status":"closed","ping_status":"closed","template":"","meta":[],"product_brand":[],"product_cat":[84],"product_tag":[],"class_list":{"0":"post-2378","1":"product","2":"type-product","3":"status-publish","4":"has-post-thumbnail","6":"product_cat-paradise-seeds-en","7":"sales-flash-overlay","8":"woocommerce-text-align-center","9":"woocommerce-image-align-center","10":"do-quantity-buttons","12":"first","13":"instock","14":"shipping-taxable","15":"purchasable","16":"product-type-variable","17":"has-default-attributes"},"_links":{"self":[{"href":"https:\/\/phenomencollection.com\/en\/wp-json\/wp\/v2\/product\/2378","targetHints":{"allow":["GET"]}}],"collection":[{"href":"https:\/\/phenomencollection.com\/en\/wp-json\/wp\/v2\/product"}],"about":[{"href":"https:\/\/phenomencollection.com\/en\/wp-json\/wp\/v2\/types\/product"}],"replies":[{"embeddable":true,"href":"https:\/\/phenomencollection.com\/en\/wp-json\/wp\/v2\/comments?post=2378"}],"wp:featuredmedia":[{"embeddable":true,"href":"https:\/\/phenomencollection.com\/en\/wp-json\/wp\/v2\/media\/2115"}],"wp:attachment":[{"href":"https:\/\/phenomencollection.com\/en\/wp-json\/wp\/v2\/media?parent=2378"}],"wp:term":[{"taxonomy":"product_brand","embeddable":true,"href":"https:\/\/phenomencollection.com\/en\/wp-json\/wp\/v2\/product_brand?post=2378"},{"taxonomy":"product_cat","embeddable":true,"href":"https:\/\/phenomencollection.com\/en\/wp-json\/wp\/v2\/product_cat?post=2378"},{"taxonomy":"product_tag","embeddable":true,"href":"https:\/\/phenomencollection.com\/en\/wp-json\/wp\/v2\/product_tag?post=2378"}],"curies":[{"name":"wp","href":"https:\/\/api.w.org\/{rel}","templated":true}]}}