{"id":2388,"date":"2021-06-03T12:19:48","date_gmt":"2021-06-03T10:19:48","guid":{"rendered":"https:\/\/phenomencollection.com\/produkt\/cbd-auto-charlottes-angel\/"},"modified":"2023-05-04T19:49:24","modified_gmt":"2023-05-04T17:49:24","slug":"cbd-auto-charlottes-angel","status":"publish","type":"product","link":"https:\/\/phenomencollection.com\/en\/produkt\/cbd-auto-charlottes-angel\/","title":{"rendered":"CBD AUTO CHARLOTTE&#8217;S ANGEL"},"content":{"rendered":"<p><strong>GENETICS:<\/strong><br \/>\nCBD CHARLOTTE&#8217;S ANGEL X CBD AUTO COMPASSION LIME<\/p>\n<p><strong>TYPE:<\/strong><br \/>\nSATIVA DOMINANT<\/p>\n<p>Dutch Passion&#8217;s first high CBD strain that contains little to no THC. CBD Charlotte&#8217;s Angel was crossed with CBD Auto Compassion Lime to turn her into an autoflower. Proud winner of 1st prize &#8220;CBD&#8221;, CBD PRICES, HIGHLIFE CUP, NETHERLANDS 2019. All CBD growers and medical growers will be pleased to see a strain with all the medical cannabis benefits, but without the high and amazing earthy\/fruity tones.<\/p>\n","protected":false},"excerpt":{"rendered":"<p>GENETICS: CBD CHARLOTTE&#8217;S ANGEL X CBD AUTO COMPASSION LIME TYPE: SATIVA DOMINANT Dutch Passion&#8217;s first high CBD strain that contains little to no THC. CBD Charlotte&#8217;s Angel was crossed with CBD Auto Compassion Lime to turn her into an autoflower. Proud winner of 1st prize &#8220;CBD&#8221;, CBD PRICES, HIGHLIFE CUP, NETHERLANDS 2019. All CBD growers &#8230; <a title=\"CBD AUTO CHARLOTTE&#8217;S ANGEL\" class=\"read-more\" href=\"https:\/\/phenomencollection.com\/en\/produkt\/cbd-auto-charlottes-angel\/\" aria-label=\"Read more about CBD AUTO CHARLOTTE&#8217;S ANGEL\">\u010d\u00edst d\u00e1l<\/a><\/p>\n","protected":false},"featured_media":2105,"comment_status":"closed","ping_status":"closed","template":"","meta":[],"product_brand":[],"product_cat":[83],"product_tag":[],"class_list":{"0":"post-2388","1":"product","2":"type-product","3":"status-publish","4":"has-post-thumbnail","6":"product_cat-dutch-passion-en","7":"sales-flash-overlay","8":"woocommerce-text-align-center","9":"woocommerce-image-align-center","10":"do-quantity-buttons","12":"first","13":"instock","14":"shipping-taxable","15":"purchasable","16":"product-type-variable","17":"has-default-attributes"},"_links":{"self":[{"href":"https:\/\/phenomencollection.com\/en\/wp-json\/wp\/v2\/product\/2388","targetHints":{"allow":["GET"]}}],"collection":[{"href":"https:\/\/phenomencollection.com\/en\/wp-json\/wp\/v2\/product"}],"about":[{"href":"https:\/\/phenomencollection.com\/en\/wp-json\/wp\/v2\/types\/product"}],"replies":[{"embeddable":true,"href":"https:\/\/phenomencollection.com\/en\/wp-json\/wp\/v2\/comments?post=2388"}],"wp:featuredmedia":[{"embeddable":true,"href":"https:\/\/phenomencollection.com\/en\/wp-json\/wp\/v2\/media\/2105"}],"wp:attachment":[{"href":"https:\/\/phenomencollection.com\/en\/wp-json\/wp\/v2\/media?parent=2388"}],"wp:term":[{"taxonomy":"product_brand","embeddable":true,"href":"https:\/\/phenomencollection.com\/en\/wp-json\/wp\/v2\/product_brand?post=2388"},{"taxonomy":"product_cat","embeddable":true,"href":"https:\/\/phenomencollection.com\/en\/wp-json\/wp\/v2\/product_cat?post=2388"},{"taxonomy":"product_tag","embeddable":true,"href":"https:\/\/phenomencollection.com\/en\/wp-json\/wp\/v2\/product_tag?post=2388"}],"curies":[{"name":"wp","href":"https:\/\/api.w.org\/{rel}","templated":true}]}}