{"id":2402,"date":"2021-06-29T11:12:13","date_gmt":"2021-06-29T09:12:13","guid":{"rendered":"https:\/\/phenomencollection.com\/produkt\/negra-44\/"},"modified":"2022-12-17T17:57:53","modified_gmt":"2022-12-17T16:57:53","slug":"negra-44","status":"publish","type":"product","link":"https:\/\/phenomencollection.com\/en\/produkt\/negra-44\/","title":{"rendered":"NEGRA 44"},"content":{"rendered":"<p><strong>GENETICS:<\/strong><br \/>\nLANDRACE GHANA X TOP 44<\/p>\n<p><strong>TYPE:<\/strong><br \/>\nINDICA DOMINANT<\/p>\n<p>After many years of work and preservation of genotypes from neighbors from the African continent, R-KIEM have selected landraces from the district of Sawla, in Ghana. This multiple award-winning indica dominant hybrid is the result of crossing two very similar strains with little difference in their internodal distances, average height and a somehow strange dark green color. This earthy beauty with fruit tones will definitely be a great part of your collection.<\/p>\n<p><strong>TROPHIES:<\/strong><br \/>\nII. Place Extracts &#8211; Cannabis Champions Cup 2015<\/p>\n<p>II. place BHO &#8211; Sectret Cup Cannarias 2014<\/p>\n<p>II. Place Indica &#8211; Social Cannabis Cup Barcelona 2014<\/p>\n<p>II. Place BHO &#8211; Copa BHO &amp; Ice-o-Lator Badalona 2014<\/p>\n<p>I. place BHO &#8211; Cannaval 2014<\/p>\n","protected":false},"excerpt":{"rendered":"<p>GENETICS: LANDRACE GHANA X TOP 44 TYPE: INDICA DOMINANT After many years of work and preservation of genotypes from neighbors from the African continent, R-KIEM have selected landraces from the district of Sawla, in Ghana. This multiple award-winning indica dominant hybrid is the result of crossing two very similar strains with little difference in their &#8230; <a title=\"NEGRA 44\" class=\"read-more\" href=\"https:\/\/phenomencollection.com\/en\/produkt\/negra-44\/\" aria-label=\"Read more about NEGRA 44\">\u010d\u00edst d\u00e1l<\/a><\/p>\n","protected":false},"featured_media":2119,"comment_status":"closed","ping_status":"closed","template":"","meta":[],"product_brand":[],"product_cat":[93],"product_tag":[73],"class_list":{"0":"post-2402","1":"product","2":"type-product","3":"status-publish","4":"has-post-thumbnail","6":"product_cat-r-kiem-seeds-en","7":"product_tag-cup-winners-en","8":"sales-flash-overlay","9":"woocommerce-text-align-center","10":"woocommerce-image-align-center","11":"do-quantity-buttons","13":"first","14":"outofstock","15":"shipping-taxable","16":"purchasable","17":"product-type-variable","18":"has-default-attributes"},"_links":{"self":[{"href":"https:\/\/phenomencollection.com\/en\/wp-json\/wp\/v2\/product\/2402","targetHints":{"allow":["GET"]}}],"collection":[{"href":"https:\/\/phenomencollection.com\/en\/wp-json\/wp\/v2\/product"}],"about":[{"href":"https:\/\/phenomencollection.com\/en\/wp-json\/wp\/v2\/types\/product"}],"replies":[{"embeddable":true,"href":"https:\/\/phenomencollection.com\/en\/wp-json\/wp\/v2\/comments?post=2402"}],"wp:featuredmedia":[{"embeddable":true,"href":"https:\/\/phenomencollection.com\/en\/wp-json\/wp\/v2\/media\/2119"}],"wp:attachment":[{"href":"https:\/\/phenomencollection.com\/en\/wp-json\/wp\/v2\/media?parent=2402"}],"wp:term":[{"taxonomy":"product_brand","embeddable":true,"href":"https:\/\/phenomencollection.com\/en\/wp-json\/wp\/v2\/product_brand?post=2402"},{"taxonomy":"product_cat","embeddable":true,"href":"https:\/\/phenomencollection.com\/en\/wp-json\/wp\/v2\/product_cat?post=2402"},{"taxonomy":"product_tag","embeddable":true,"href":"https:\/\/phenomencollection.com\/en\/wp-json\/wp\/v2\/product_tag?post=2402"}],"curies":[{"name":"wp","href":"https:\/\/api.w.org\/{rel}","templated":true}]}}