{"id":2410,"date":"2021-06-03T12:28:42","date_gmt":"2021-06-03T10:28:42","guid":{"rendered":"https:\/\/phenomencollection.com\/produkt\/nebula\/"},"modified":"2024-10-24T15:25:53","modified_gmt":"2024-10-24T13:25:53","slug":"sky","status":"publish","type":"product","link":"https:\/\/phenomencollection.com\/en\/produkt\/sky\/","title":{"rendered":"NEBULA"},"content":{"rendered":"<p><strong>GENETIKA:<\/strong><br \/>\nNEBULA<br \/>\n<strong>TYPE:<\/strong><br \/>\nINDICA DOMINANT<\/p>\n<p>Nebula means &#8220;cosmic cloud&#8221; and it is for its almost stellar qualities that this variety was given the strain its name and earned it a number of prestigious awards and great recognition among cannabis genetics collectors. When Paradise Seeds released Nebula in 1996 it was an instant hit in the UK, fans were immediately thrilled with her speed. Swiftly it became the choice for many veterans of the scene who were looking for an abundant sativa with an old school buzz.<\/p>\n","protected":false},"excerpt":{"rendered":"<p>GENETIKA: NEBULA TYPE: INDICA DOMINANT Nebula means &#8220;cosmic cloud&#8221; and it is for its almost stellar qualities that this variety was given the strain its name and earned it a number of prestigious awards and great recognition among cannabis genetics collectors. When Paradise Seeds released Nebula in 1996 it was an instant hit in the &#8230; <a title=\"NEBULA\" class=\"read-more\" href=\"https:\/\/phenomencollection.com\/en\/produkt\/sky\/\" aria-label=\"Read more about NEBULA\">\u010d\u00edst d\u00e1l<\/a><\/p>\n","protected":false},"featured_media":2114,"comment_status":"closed","ping_status":"closed","template":"","meta":[],"product_brand":[],"product_cat":[84],"product_tag":[73],"class_list":{"0":"post-2410","1":"product","2":"type-product","3":"status-publish","4":"has-post-thumbnail","6":"product_cat-paradise-seeds-en","7":"product_tag-cup-winners-en","8":"sales-flash-overlay","9":"woocommerce-text-align-center","10":"woocommerce-image-align-center","11":"do-quantity-buttons","13":"first","14":"instock","15":"shipping-taxable","16":"purchasable","17":"product-type-variable","18":"has-default-attributes"},"_links":{"self":[{"href":"https:\/\/phenomencollection.com\/en\/wp-json\/wp\/v2\/product\/2410","targetHints":{"allow":["GET"]}}],"collection":[{"href":"https:\/\/phenomencollection.com\/en\/wp-json\/wp\/v2\/product"}],"about":[{"href":"https:\/\/phenomencollection.com\/en\/wp-json\/wp\/v2\/types\/product"}],"replies":[{"embeddable":true,"href":"https:\/\/phenomencollection.com\/en\/wp-json\/wp\/v2\/comments?post=2410"}],"wp:featuredmedia":[{"embeddable":true,"href":"https:\/\/phenomencollection.com\/en\/wp-json\/wp\/v2\/media\/2114"}],"wp:attachment":[{"href":"https:\/\/phenomencollection.com\/en\/wp-json\/wp\/v2\/media?parent=2410"}],"wp:term":[{"taxonomy":"product_brand","embeddable":true,"href":"https:\/\/phenomencollection.com\/en\/wp-json\/wp\/v2\/product_brand?post=2410"},{"taxonomy":"product_cat","embeddable":true,"href":"https:\/\/phenomencollection.com\/en\/wp-json\/wp\/v2\/product_cat?post=2410"},{"taxonomy":"product_tag","embeddable":true,"href":"https:\/\/phenomencollection.com\/en\/wp-json\/wp\/v2\/product_tag?post=2410"}],"curies":[{"name":"wp","href":"https:\/\/api.w.org\/{rel}","templated":true}]}}