{"id":2414,"date":"2021-06-29T11:12:19","date_gmt":"2021-06-29T09:12:19","guid":{"rendered":"https:\/\/phenomencollection.com\/produkt\/deadcheese\/"},"modified":"2024-11-11T20:54:15","modified_gmt":"2024-11-11T19:54:15","slug":"deadcheese","status":"publish","type":"product","link":"https:\/\/phenomencollection.com\/en\/produkt\/deadcheese\/","title":{"rendered":"DEADCHEESE"},"content":{"rendered":"<p><strong>GENETICS:<\/strong><br \/>\nCHEM DAWG #4 X EXODUS<br \/>\n<strong>TYPE:<\/strong><br \/>\nINDICA DOMINANT<\/p>\n<p>For years we have been selecting different varieties of \u201ccheese\u201d and \u201ckush\u201d already existing in the market, looking for nuances with kush touches very characteristic of this crossing. They finally picked the ones that met the most sought &#8211; after structural characteristic: dense and heavy buds. Magnificent resin production and high resistance to various kinds of stress, genetics that breathed life into this indica dominant strain were chemdawg #4 and exodus cheese. Deadcheese is a beauty admired by all ice-o-lator lovers.<\/p>\n<p><strong>TROFEJE:<\/strong><br \/>\nII. Place Extracts &#8211; Cannabis Cup Brasil 2019<\/p>\n<p>II. Place Extracts &#8211; Copa The Weedkend Life Extracts 2019<\/p>\n<p>I. place Bubble Hash &#8211; Expogrow Irun 2018<\/p>\n","protected":false},"excerpt":{"rendered":"<p>GENETICS: CHEM DAWG #4 X EXODUS TYPE: INDICA DOMINANT For years we have been selecting different varieties of \u201ccheese\u201d and \u201ckush\u201d already existing in the market, looking for nuances with kush touches very characteristic of this crossing. They finally picked the ones that met the most sought &#8211; after structural characteristic: dense and heavy buds. &#8230; <a title=\"DEADCHEESE\" class=\"read-more\" href=\"https:\/\/phenomencollection.com\/en\/produkt\/deadcheese\/\" aria-label=\"Read more about DEADCHEESE\">\u010d\u00edst d\u00e1l<\/a><\/p>\n","protected":false},"featured_media":2123,"comment_status":"closed","ping_status":"closed","template":"","meta":[],"product_brand":[],"product_cat":[93],"product_tag":[73],"class_list":{"0":"post-2414","1":"product","2":"type-product","3":"status-publish","4":"has-post-thumbnail","6":"product_cat-r-kiem-seeds-en","7":"product_tag-cup-winners-en","8":"sales-flash-overlay","9":"woocommerce-text-align-center","10":"woocommerce-image-align-center","11":"do-quantity-buttons","13":"first","14":"instock","15":"shipping-taxable","16":"purchasable","17":"product-type-variable","18":"has-default-attributes"},"_links":{"self":[{"href":"https:\/\/phenomencollection.com\/en\/wp-json\/wp\/v2\/product\/2414","targetHints":{"allow":["GET"]}}],"collection":[{"href":"https:\/\/phenomencollection.com\/en\/wp-json\/wp\/v2\/product"}],"about":[{"href":"https:\/\/phenomencollection.com\/en\/wp-json\/wp\/v2\/types\/product"}],"replies":[{"embeddable":true,"href":"https:\/\/phenomencollection.com\/en\/wp-json\/wp\/v2\/comments?post=2414"}],"wp:featuredmedia":[{"embeddable":true,"href":"https:\/\/phenomencollection.com\/en\/wp-json\/wp\/v2\/media\/2123"}],"wp:attachment":[{"href":"https:\/\/phenomencollection.com\/en\/wp-json\/wp\/v2\/media?parent=2414"}],"wp:term":[{"taxonomy":"product_brand","embeddable":true,"href":"https:\/\/phenomencollection.com\/en\/wp-json\/wp\/v2\/product_brand?post=2414"},{"taxonomy":"product_cat","embeddable":true,"href":"https:\/\/phenomencollection.com\/en\/wp-json\/wp\/v2\/product_cat?post=2414"},{"taxonomy":"product_tag","embeddable":true,"href":"https:\/\/phenomencollection.com\/en\/wp-json\/wp\/v2\/product_tag?post=2414"}],"curies":[{"name":"wp","href":"https:\/\/api.w.org\/{rel}","templated":true}]}}