{"id":2426,"date":"2021-06-29T11:12:12","date_gmt":"2021-06-29T09:12:12","guid":{"rendered":"https:\/\/phenomencollection.com\/produkt\/zkiem\/"},"modified":"2023-05-04T21:07:52","modified_gmt":"2023-05-04T19:07:52","slug":"zkiem","status":"publish","type":"product","link":"https:\/\/phenomencollection.com\/en\/produkt\/zkiem\/","title":{"rendered":"ZKIEM"},"content":{"rendered":"<p><strong>GENETICS:<\/strong><br \/>\nZKITTLEZ X AFGHAN<\/p>\n<p><strong>TYPE:<\/strong><br \/>\nINDICA DOMINANT<\/p>\n<p>The result of crossing Zkittlez and R-Kiem\u2019s Afghani is simply amazing. It is a mostly indica F1 cross between the Zkittlez clone and a very particular Afghani male, a 100% Indica plant that improves both the structure and yield of this renowned cut. The origin of a genetics that comes directly from the Afghan war thanks to American ex-combatants has become an icon within crops around the planet. If you enjoy new and special flavours you have to try R-Kiem\u2019s Z-Kiem, a unique Indica strain that will surely become one of your favourites.<\/p>\n","protected":false},"excerpt":{"rendered":"<p>GENETICS: ZKITTLEZ X AFGHAN TYPE: INDICA DOMINANT The result of crossing Zkittlez and R-Kiem\u2019s Afghani is simply amazing. It is a mostly indica F1 cross between the Zkittlez clone and a very particular Afghani male, a 100% Indica plant that improves both the structure and yield of this renowned cut. The origin of a genetics &#8230; <a title=\"ZKIEM\" class=\"read-more\" href=\"https:\/\/phenomencollection.com\/en\/produkt\/zkiem\/\" aria-label=\"Read more about ZKIEM\">\u010d\u00edst d\u00e1l<\/a><\/p>\n","protected":false},"featured_media":2121,"comment_status":"closed","ping_status":"closed","template":"","meta":[],"product_brand":[],"product_cat":[93],"product_tag":[73],"class_list":{"0":"post-2426","1":"product","2":"type-product","3":"status-publish","4":"has-post-thumbnail","6":"product_cat-r-kiem-seeds-en","7":"product_tag-cup-winners-en","8":"sales-flash-overlay","9":"woocommerce-text-align-center","10":"woocommerce-image-align-center","11":"do-quantity-buttons","13":"first","14":"instock","15":"shipping-taxable","16":"purchasable","17":"product-type-variable","18":"has-default-attributes"},"_links":{"self":[{"href":"https:\/\/phenomencollection.com\/en\/wp-json\/wp\/v2\/product\/2426","targetHints":{"allow":["GET"]}}],"collection":[{"href":"https:\/\/phenomencollection.com\/en\/wp-json\/wp\/v2\/product"}],"about":[{"href":"https:\/\/phenomencollection.com\/en\/wp-json\/wp\/v2\/types\/product"}],"replies":[{"embeddable":true,"href":"https:\/\/phenomencollection.com\/en\/wp-json\/wp\/v2\/comments?post=2426"}],"wp:featuredmedia":[{"embeddable":true,"href":"https:\/\/phenomencollection.com\/en\/wp-json\/wp\/v2\/media\/2121"}],"wp:attachment":[{"href":"https:\/\/phenomencollection.com\/en\/wp-json\/wp\/v2\/media?parent=2426"}],"wp:term":[{"taxonomy":"product_brand","embeddable":true,"href":"https:\/\/phenomencollection.com\/en\/wp-json\/wp\/v2\/product_brand?post=2426"},{"taxonomy":"product_cat","embeddable":true,"href":"https:\/\/phenomencollection.com\/en\/wp-json\/wp\/v2\/product_cat?post=2426"},{"taxonomy":"product_tag","embeddable":true,"href":"https:\/\/phenomencollection.com\/en\/wp-json\/wp\/v2\/product_tag?post=2426"}],"curies":[{"name":"wp","href":"https:\/\/api.w.org\/{rel}","templated":true}]}}