{"id":2429,"date":"2021-06-03T12:28:42","date_gmt":"2021-06-03T10:28:42","guid":{"rendered":"https:\/\/phenomencollection.com\/produkt\/sensi-star\/"},"modified":"2025-01-29T10:04:56","modified_gmt":"2025-01-29T09:04:56","slug":"sensi-star","status":"publish","type":"product","link":"https:\/\/phenomencollection.com\/en\/produkt\/sensi-star\/","title":{"rendered":"SENSI STAR"},"content":{"rendered":"<p><strong>GENETICS:<\/strong><br \/>\nSENSI STAR<br \/>\n<strong>TYPE:<\/strong><br \/>\nINDICA DOMINANT<\/p>\n<p>Sensi Star is listed in the history books as one of the most potent strains available in the world. This dual High Times and High Life cup winner with many awards from around the world is the original old school strain and the strongest indica you will ever encounter. This legendary glittering diamond is definitely not to be missed in your collection!<\/p>\n","protected":false},"excerpt":{"rendered":"<p>GENETICS: SENSI STAR TYPE: INDICA DOMINANT Sensi Star is listed in the history books as one of the most potent strains available in the world. This dual High Times and High Life cup winner with many awards from around the world is the original old school strain and the strongest indica you will ever encounter. &#8230; <a title=\"SENSI STAR\" class=\"read-more\" href=\"https:\/\/phenomencollection.com\/en\/produkt\/sensi-star\/\" aria-label=\"Read more about SENSI STAR\">\u010d\u00edst d\u00e1l<\/a><\/p>\n","protected":false},"featured_media":2113,"comment_status":"closed","ping_status":"closed","template":"","meta":[],"product_brand":[],"product_cat":[84],"product_tag":[73],"class_list":{"0":"post-2429","1":"product","2":"type-product","3":"status-publish","4":"has-post-thumbnail","6":"product_cat-paradise-seeds-en","7":"product_tag-cup-winners-en","8":"sales-flash-overlay","9":"woocommerce-text-align-center","10":"woocommerce-image-align-center","11":"do-quantity-buttons","13":"first","14":"instock","15":"shipping-taxable","16":"purchasable","17":"product-type-variable","18":"has-default-attributes"},"_links":{"self":[{"href":"https:\/\/phenomencollection.com\/en\/wp-json\/wp\/v2\/product\/2429","targetHints":{"allow":["GET"]}}],"collection":[{"href":"https:\/\/phenomencollection.com\/en\/wp-json\/wp\/v2\/product"}],"about":[{"href":"https:\/\/phenomencollection.com\/en\/wp-json\/wp\/v2\/types\/product"}],"replies":[{"embeddable":true,"href":"https:\/\/phenomencollection.com\/en\/wp-json\/wp\/v2\/comments?post=2429"}],"wp:featuredmedia":[{"embeddable":true,"href":"https:\/\/phenomencollection.com\/en\/wp-json\/wp\/v2\/media\/2113"}],"wp:attachment":[{"href":"https:\/\/phenomencollection.com\/en\/wp-json\/wp\/v2\/media?parent=2429"}],"wp:term":[{"taxonomy":"product_brand","embeddable":true,"href":"https:\/\/phenomencollection.com\/en\/wp-json\/wp\/v2\/product_brand?post=2429"},{"taxonomy":"product_cat","embeddable":true,"href":"https:\/\/phenomencollection.com\/en\/wp-json\/wp\/v2\/product_cat?post=2429"},{"taxonomy":"product_tag","embeddable":true,"href":"https:\/\/phenomencollection.com\/en\/wp-json\/wp\/v2\/product_tag?post=2429"}],"curies":[{"name":"wp","href":"https:\/\/api.w.org\/{rel}","templated":true}]}}