{"id":2435,"date":"2021-06-29T11:12:19","date_gmt":"2021-06-29T09:12:19","guid":{"rendered":"https:\/\/phenomencollection.com\/produkt\/sublimator\/"},"modified":"2023-05-04T21:06:34","modified_gmt":"2023-05-04T19:06:34","slug":"sublimator","status":"publish","type":"product","link":"https:\/\/phenomencollection.com\/en\/produkt\/sublimator\/","title":{"rendered":"SUBLIMATOR"},"content":{"rendered":"<p><strong>GENETICS:<\/strong><br \/>\nSOUR BANANA X GG4<\/p>\n<p><strong>TYPE:<\/strong><br \/>\nHYBRID<\/p>\n<p>Was created in honor of the inventors of the brand SUBLIMATOR. This Queen of cannabis extracts is well known for her potency, verstatility, intese aroma and it&#8217;s brutishly high resin production. By crossing two world class lines from their selection of the strain sour banana and the famous Gorilla Glue #4, R-Kiem created an amazing balanced 50\/50 sativa-indica hybrid. Buds covered in trichomes and powerful acidic terpene profilof kush and fruit. These are her unique qualities which makes her very popular among concentrate lovers.<\/p>\n","protected":false},"excerpt":{"rendered":"<p>GENETICS: SOUR BANANA X GG4 TYPE: HYBRID Was created in honor of the inventors of the brand SUBLIMATOR. This Queen of cannabis extracts is well known for her potency, verstatility, intese aroma and it&#8217;s brutishly high resin production. By crossing two world class lines from their selection of the strain sour banana and the famous &#8230; <a title=\"SUBLIMATOR\" class=\"read-more\" href=\"https:\/\/phenomencollection.com\/en\/produkt\/sublimator\/\" aria-label=\"Read more about SUBLIMATOR\">\u010d\u00edst d\u00e1l<\/a><\/p>\n","protected":false},"featured_media":2122,"comment_status":"closed","ping_status":"closed","template":"","meta":[],"product_brand":[],"product_cat":[93],"product_tag":[73],"class_list":{"0":"post-2435","1":"product","2":"type-product","3":"status-publish","4":"has-post-thumbnail","6":"product_cat-r-kiem-seeds-en","7":"product_tag-cup-winners-en","8":"sales-flash-overlay","9":"woocommerce-text-align-center","10":"woocommerce-image-align-center","11":"do-quantity-buttons","13":"first","14":"instock","15":"shipping-taxable","16":"purchasable","17":"product-type-variable","18":"has-default-attributes"},"_links":{"self":[{"href":"https:\/\/phenomencollection.com\/en\/wp-json\/wp\/v2\/product\/2435","targetHints":{"allow":["GET"]}}],"collection":[{"href":"https:\/\/phenomencollection.com\/en\/wp-json\/wp\/v2\/product"}],"about":[{"href":"https:\/\/phenomencollection.com\/en\/wp-json\/wp\/v2\/types\/product"}],"replies":[{"embeddable":true,"href":"https:\/\/phenomencollection.com\/en\/wp-json\/wp\/v2\/comments?post=2435"}],"wp:featuredmedia":[{"embeddable":true,"href":"https:\/\/phenomencollection.com\/en\/wp-json\/wp\/v2\/media\/2122"}],"wp:attachment":[{"href":"https:\/\/phenomencollection.com\/en\/wp-json\/wp\/v2\/media?parent=2435"}],"wp:term":[{"taxonomy":"product_brand","embeddable":true,"href":"https:\/\/phenomencollection.com\/en\/wp-json\/wp\/v2\/product_brand?post=2435"},{"taxonomy":"product_cat","embeddable":true,"href":"https:\/\/phenomencollection.com\/en\/wp-json\/wp\/v2\/product_cat?post=2435"},{"taxonomy":"product_tag","embeddable":true,"href":"https:\/\/phenomencollection.com\/en\/wp-json\/wp\/v2\/product_tag?post=2435"}],"curies":[{"name":"wp","href":"https:\/\/api.w.org\/{rel}","templated":true}]}}