{"id":2447,"date":"2021-03-15T11:08:39","date_gmt":"2021-03-15T10:08:39","guid":{"rendered":"https:\/\/phenomencollection.com\/produkt\/sour-ripper\/"},"modified":"2023-02-21T21:21:42","modified_gmt":"2023-02-21T20:21:42","slug":"sour-ripper","status":"publish","type":"product","link":"https:\/\/phenomencollection.com\/en\/produkt\/sour-ripper\/","title":{"rendered":"SOUR RIPPER"},"content":{"rendered":"<p><strong>GENETICS:<\/strong><br \/>\nSOUR DIESEL<\/p>\n<p><strong>TYPE:<\/strong><br \/>\nSATIVA DOMINANT<\/p>\n<p>One of the strains most appreciated by genetics collectors. Ripper Seeds worked hard to get one of the few Sour Diesel lines in a feminized version, keeping the main qualities of a good Sour. The most \u201cundergrown\u201d flavor of the United States available for your collection!<\/p>\n<p><strong>TROPHIES:<\/strong><br \/>\nIII. instead of Non-solvent Expogrow 2019<\/p>\n<p>I. place Non-solvent Expogrow 2019<\/p>\n<p>I. place Masters from Resins 2018<\/p>\n<p>I. place Non-solvent THC Cup Valencia 2018<\/p>\n<p>I. place Non-solvent THC Cup Valencia 2017<\/p>\n<p>II. Place Non-solvent Cannabis Champions Cup Barcelona 2017<\/p>\n<p>III. Site of the Dry Hash The Masters Cup Barcelona 2017<\/p>\n<p>II. Place Extracts Cannabis Champions Cup Barcelona 2015<\/p>\n<p>II. Sativa Cup Expogrow 2015<\/p>\n<p>I. place Sativa Cup Expogrow 2014<\/p>\n","protected":false},"excerpt":{"rendered":"<p>GENETICS: SOUR DIESEL TYPE: SATIVA DOMINANT One of the strains most appreciated by genetics collectors. Ripper Seeds worked hard to get one of the few Sour Diesel lines in a feminized version, keeping the main qualities of a good Sour. The most \u201cundergrown\u201d flavor of the United States available for your collection! TROPHIES: III. instead &#8230; <a title=\"SOUR RIPPER\" class=\"read-more\" href=\"https:\/\/phenomencollection.com\/en\/produkt\/sour-ripper\/\" aria-label=\"Read more about SOUR RIPPER\">\u010d\u00edst d\u00e1l<\/a><\/p>\n","protected":false},"featured_media":2055,"comment_status":"closed","ping_status":"closed","template":"","meta":[],"product_brand":[],"product_cat":[72],"product_tag":[73],"class_list":{"0":"post-2447","1":"product","2":"type-product","3":"status-publish","4":"has-post-thumbnail","6":"product_cat-ripper-seeds-en","7":"product_tag-cup-winners-en","8":"sales-flash-overlay","9":"woocommerce-text-align-center","10":"woocommerce-image-align-center","11":"do-quantity-buttons","13":"first","14":"instock","15":"shipping-taxable","16":"purchasable","17":"product-type-variable","18":"has-default-attributes"},"_links":{"self":[{"href":"https:\/\/phenomencollection.com\/en\/wp-json\/wp\/v2\/product\/2447","targetHints":{"allow":["GET"]}}],"collection":[{"href":"https:\/\/phenomencollection.com\/en\/wp-json\/wp\/v2\/product"}],"about":[{"href":"https:\/\/phenomencollection.com\/en\/wp-json\/wp\/v2\/types\/product"}],"replies":[{"embeddable":true,"href":"https:\/\/phenomencollection.com\/en\/wp-json\/wp\/v2\/comments?post=2447"}],"wp:featuredmedia":[{"embeddable":true,"href":"https:\/\/phenomencollection.com\/en\/wp-json\/wp\/v2\/media\/2055"}],"wp:attachment":[{"href":"https:\/\/phenomencollection.com\/en\/wp-json\/wp\/v2\/media?parent=2447"}],"wp:term":[{"taxonomy":"product_brand","embeddable":true,"href":"https:\/\/phenomencollection.com\/en\/wp-json\/wp\/v2\/product_brand?post=2447"},{"taxonomy":"product_cat","embeddable":true,"href":"https:\/\/phenomencollection.com\/en\/wp-json\/wp\/v2\/product_cat?post=2447"},{"taxonomy":"product_tag","embeddable":true,"href":"https:\/\/phenomencollection.com\/en\/wp-json\/wp\/v2\/product_tag?post=2447"}],"curies":[{"name":"wp","href":"https:\/\/api.w.org\/{rel}","templated":true}]}}