{"id":2454,"date":"2022-10-22T10:49:12","date_gmt":"2022-10-22T08:49:12","guid":{"rendered":"https:\/\/phenomencollection.com\/produkt\/mazar\/"},"modified":"2022-10-22T10:49:12","modified_gmt":"2022-10-22T08:49:12","slug":"mazar-2","status":"publish","type":"product","link":"https:\/\/phenomencollection.com\/en\/produkt\/mazar-2\/","title":{"rendered":"MAZAR"},"content":{"rendered":"<p><strong>GENETICS:<br \/>\n<\/strong>SKUNK#1 X AFGHANI<strong><br \/>\n<\/strong><\/p>\n<p><strong>TYPE:<\/strong><br \/>\nINDICA DOMINANT<\/p>\n<p><span class=\"x193iq5w xeuugli x13faqbe x1vvkbs xlh3980 xvmahel x1n0sxbx x1lliihq x1s928wv xhkezso x1gmr53x x1cpjm7i x1fgarty x1943h6x xudqn12 x3x7a5m x6prxxf xvq8zen xo1l8bm xzsf02u\" dir=\"auto\">Mazar is one of the best strains Dutch Passion has ever developed. The original Mazar is a classic from the 80s. years, which originated from a special Skunk#1 crossed with the award-winning Afghani. The genetics were further refined in 1997, and Mazar has remained one of the best-selling varieties of all time.  <\/span><\/p>\n","protected":false},"excerpt":{"rendered":"<p>GENETICS: SKUNK#1 X AFGHANI TYPE: INDICA DOMINANT Mazar is one of the best strains Dutch Passion has ever developed. The original Mazar is a classic from the 80s. years, which originated from a special Skunk#1 crossed with the award-winning Afghani. The genetics were further refined in 1997, and Mazar has remained one of the best-selling &#8230; <a title=\"MAZAR\" class=\"read-more\" href=\"https:\/\/phenomencollection.com\/en\/produkt\/mazar-2\/\" aria-label=\"Read more about MAZAR\">\u010d\u00edst d\u00e1l<\/a><\/p>\n","protected":false},"featured_media":2286,"comment_status":"closed","ping_status":"closed","template":"","meta":[],"product_brand":[],"product_cat":[83],"product_tag":[],"class_list":{"0":"post-2454","1":"product","2":"type-product","3":"status-publish","4":"has-post-thumbnail","6":"product_cat-dutch-passion-en","7":"sales-flash-overlay","8":"woocommerce-text-align-center","9":"woocommerce-image-align-center","10":"do-quantity-buttons","12":"first","13":"outofstock","14":"sale","15":"shipping-taxable","16":"purchasable","17":"product-type-variable","18":"has-default-attributes"},"_links":{"self":[{"href":"https:\/\/phenomencollection.com\/en\/wp-json\/wp\/v2\/product\/2454","targetHints":{"allow":["GET"]}}],"collection":[{"href":"https:\/\/phenomencollection.com\/en\/wp-json\/wp\/v2\/product"}],"about":[{"href":"https:\/\/phenomencollection.com\/en\/wp-json\/wp\/v2\/types\/product"}],"replies":[{"embeddable":true,"href":"https:\/\/phenomencollection.com\/en\/wp-json\/wp\/v2\/comments?post=2454"}],"wp:featuredmedia":[{"embeddable":true,"href":"https:\/\/phenomencollection.com\/en\/wp-json\/wp\/v2\/media\/2286"}],"wp:attachment":[{"href":"https:\/\/phenomencollection.com\/en\/wp-json\/wp\/v2\/media?parent=2454"}],"wp:term":[{"taxonomy":"product_brand","embeddable":true,"href":"https:\/\/phenomencollection.com\/en\/wp-json\/wp\/v2\/product_brand?post=2454"},{"taxonomy":"product_cat","embeddable":true,"href":"https:\/\/phenomencollection.com\/en\/wp-json\/wp\/v2\/product_cat?post=2454"},{"taxonomy":"product_tag","embeddable":true,"href":"https:\/\/phenomencollection.com\/en\/wp-json\/wp\/v2\/product_tag?post=2454"}],"curies":[{"name":"wp","href":"https:\/\/api.w.org\/{rel}","templated":true}]}}