{"id":5262,"date":"2024-11-18T21:23:54","date_gmt":"2024-11-18T20:23:54","guid":{"rendered":"https:\/\/phenomencollection.com\/?post_type=product&#038;p=5262"},"modified":"2024-11-19T10:07:58","modified_gmt":"2024-11-19T09:07:58","slug":"lemon-tree-2-0-kopirovat","status":"publish","type":"product","link":"https:\/\/phenomencollection.com\/en\/produkt\/lemon-tree-2-0-kopirovat\/","title":{"rendered":"LEMON TREE FAST"},"content":{"rendered":"<p><strong>GENETICS:<br \/>\n<\/strong>LEMON SKUNK AUTO IX5 X ORIGINAL LEMON TREE<\/p>\n<p><strong>TYPE:<\/strong><br \/>\nHYBRID<\/p>\n<p>Lemon Tree FAST is a direct collaboration between California breeder Matthew Rockwell and his collective of underground growers, better known as LEMON TREE and <a href=\"https:\/\/www.silent-seeds.com\/en\/\">Silent Seeds<\/a>. The <strong>LEMON TREE<\/strong> collective has created the world-famous Original Lemon Tree, as well as Blueberry Tree, Kiwi Tree, Strawberry Tree, Grape Tree and others. <\/p>\n","protected":false},"excerpt":{"rendered":"<p>GENETICS: LEMON SKUNK AUTO IX5 X ORIGINAL LEMON TREE TYPE: HYBRID Lemon Tree FAST is a direct collaboration between California breeder Matthew Rockwell and his collective of underground growers, better known as LEMON TREE and Silent Seeds. The LEMON TREE collective has created the world-famous Original Lemon Tree, as well as Blueberry Tree, Kiwi Tree, &#8230; <a title=\"LEMON TREE FAST\" class=\"read-more\" href=\"https:\/\/phenomencollection.com\/en\/produkt\/lemon-tree-2-0-kopirovat\/\" aria-label=\"Read more about LEMON TREE FAST\">\u010d\u00edst d\u00e1l<\/a><\/p>\n","protected":false},"featured_media":5268,"comment_status":"closed","ping_status":"closed","template":"","meta":[],"product_brand":[],"product_cat":[98],"product_tag":[],"class_list":{"0":"post-5262","1":"product","2":"type-product","3":"status-publish","4":"has-post-thumbnail","6":"product_cat-silent-seeds-en","7":"sales-flash-overlay","8":"woocommerce-text-align-center","9":"woocommerce-image-align-center","10":"do-quantity-buttons","12":"first","13":"outofstock","14":"shipping-taxable","15":"purchasable","16":"product-type-variable","17":"has-default-attributes"},"_links":{"self":[{"href":"https:\/\/phenomencollection.com\/en\/wp-json\/wp\/v2\/product\/5262","targetHints":{"allow":["GET"]}}],"collection":[{"href":"https:\/\/phenomencollection.com\/en\/wp-json\/wp\/v2\/product"}],"about":[{"href":"https:\/\/phenomencollection.com\/en\/wp-json\/wp\/v2\/types\/product"}],"replies":[{"embeddable":true,"href":"https:\/\/phenomencollection.com\/en\/wp-json\/wp\/v2\/comments?post=5262"}],"wp:featuredmedia":[{"embeddable":true,"href":"https:\/\/phenomencollection.com\/en\/wp-json\/wp\/v2\/media\/5268"}],"wp:attachment":[{"href":"https:\/\/phenomencollection.com\/en\/wp-json\/wp\/v2\/media?parent=5262"}],"wp:term":[{"taxonomy":"product_brand","embeddable":true,"href":"https:\/\/phenomencollection.com\/en\/wp-json\/wp\/v2\/product_brand?post=5262"},{"taxonomy":"product_cat","embeddable":true,"href":"https:\/\/phenomencollection.com\/en\/wp-json\/wp\/v2\/product_cat?post=5262"},{"taxonomy":"product_tag","embeddable":true,"href":"https:\/\/phenomencollection.com\/en\/wp-json\/wp\/v2\/product_tag?post=5262"}],"curies":[{"name":"wp","href":"https:\/\/api.w.org\/{rel}","templated":true}]}}