{"id":5667,"date":"2025-04-11T18:48:12","date_gmt":"2025-04-11T16:48:12","guid":{"rendered":"https:\/\/phenomencollection.com\/produkt\/lilac-diesel-rbx2\/"},"modified":"2025-04-11T18:48:12","modified_gmt":"2025-04-11T16:48:12","slug":"lilac-diesel-rbx2","status":"publish","type":"product","link":"https:\/\/phenomencollection.com\/en\/produkt\/lilac-diesel-rbx2\/","title":{"rendered":"LILAC DIESEL RBX2"},"content":{"rendered":"<p><strong>GENETICS:<br \/>\n<\/strong>((SLH x Forbidden Fruit) x (NYCD x Cherry Pie) X (Citral Glue x ChemDi95))<\/p>\n<p><strong>TYPE:<br \/>\n<\/strong>SATIVA<\/p>\n<p><strong data-start=\"97\" data-end=\"115\">Ethos Genetics<\/strong> is an American seedbank known for its progressive genetics and emphasis on quality. Based in Denver, it has quickly gained a reputation for its high cannabinoid, rich flavour and stability varieties. They offer both feminized and autoflowering seeds that are the result of careful breeding. Ethos combines a scientific approach with a passion for cannabis, which is why their varieties are popular with growers around the world.   <\/p>\n","protected":false},"excerpt":{"rendered":"<p>GENETICS: ((SLH x Forbidden Fruit) x (NYCD x Cherry Pie) X (Citral Glue x ChemDi95)) TYPE: SATIVA Ethos Genetics is an American seedbank known for its progressive genetics and emphasis on quality. Based in Denver, it has quickly gained a reputation for its high cannabinoid, rich flavour and stability varieties. They offer both feminized and &#8230; <a title=\"LILAC DIESEL RBX2\" class=\"read-more\" href=\"https:\/\/phenomencollection.com\/en\/produkt\/lilac-diesel-rbx2\/\" aria-label=\"Read more about LILAC DIESEL RBX2\">\u010d\u00edst d\u00e1l<\/a><\/p>\n","protected":false},"featured_media":5662,"comment_status":"closed","ping_status":"closed","template":"","meta":[],"product_brand":[],"product_cat":[139],"product_tag":[],"class_list":{"0":"post-5667","1":"product","2":"type-product","3":"status-publish","4":"has-post-thumbnail","6":"product_cat-exclusive-seeds-en","7":"sales-flash-overlay","8":"woocommerce-text-align-center","9":"woocommerce-image-align-center","10":"do-quantity-buttons","11":"wc-has-gallery","13":"first","14":"instock","15":"shipping-taxable","16":"purchasable","17":"product-type-simple"},"_links":{"self":[{"href":"https:\/\/phenomencollection.com\/en\/wp-json\/wp\/v2\/product\/5667","targetHints":{"allow":["GET"]}}],"collection":[{"href":"https:\/\/phenomencollection.com\/en\/wp-json\/wp\/v2\/product"}],"about":[{"href":"https:\/\/phenomencollection.com\/en\/wp-json\/wp\/v2\/types\/product"}],"replies":[{"embeddable":true,"href":"https:\/\/phenomencollection.com\/en\/wp-json\/wp\/v2\/comments?post=5667"}],"wp:featuredmedia":[{"embeddable":true,"href":"https:\/\/phenomencollection.com\/en\/wp-json\/wp\/v2\/media\/5662"}],"wp:attachment":[{"href":"https:\/\/phenomencollection.com\/en\/wp-json\/wp\/v2\/media?parent=5667"}],"wp:term":[{"taxonomy":"product_brand","embeddable":true,"href":"https:\/\/phenomencollection.com\/en\/wp-json\/wp\/v2\/product_brand?post=5667"},{"taxonomy":"product_cat","embeddable":true,"href":"https:\/\/phenomencollection.com\/en\/wp-json\/wp\/v2\/product_cat?post=5667"},{"taxonomy":"product_tag","embeddable":true,"href":"https:\/\/phenomencollection.com\/en\/wp-json\/wp\/v2\/product_tag?post=5667"}],"curies":[{"name":"wp","href":"https:\/\/api.w.org\/{rel}","templated":true}]}}